{"id":7093,"date":"2021-09-03T16:51:17","date_gmt":"2021-09-03T14:51:17","guid":{"rendered":"https:\/\/darkred-ant-757115.hostingersite.com\/prenotazione-soggiorno\/"},"modified":"2021-12-03T14:53:14","modified_gmt":"2021-12-03T13:53:14","slug":"prenotazione-soggiorno","status":"publish","type":"page","link":"https:\/\/turchifarm.com\/de\/prenotazione-soggiorno\/","title":{"rendered":"Prenotazione soggiorno"},"content":{"rendered":"\t\t<div data-elementor-type=\"wp-post\" data-elementor-id=\"7093\" class=\"elementor elementor-7093 elementor-5334\" data-elementor-post-type=\"page\">\n\t\t\t\t\t\t<section class=\"elementor-section elementor-top-section elementor-element elementor-element-33a1641 elementor-section-full_width elementor-section-height-default elementor-section-height-default qodef-elementor-content-no\" data-id=\"33a1641\" data-element_type=\"section\" data-e-type=\"section\" data-settings=\"{&quot;background_background&quot;:&quot;classic&quot;}\">\n\t\t\t\t\t\t<div class=\"elementor-container elementor-column-gap-no\">\n\t\t\t\t\t<div class=\"elementor-column elementor-col-100 elementor-top-column elementor-element elementor-element-7f6e867\" data-id=\"7f6e867\" data-element_type=\"column\" data-e-type=\"column\">\n\t\t\t<div class=\"elementor-widget-wrap elementor-element-populated\">\n\t\t\t\t\t\t<div class=\"elementor-element elementor-element-7419c67 header-y-75 elementor--h-position-center elementor--v-position-middle elementor-arrows-position-inside elementor-pagination-position-inside elementor-widget elementor-widget-slides\" data-id=\"7419c67\" data-element_type=\"widget\" data-e-type=\"widget\" id=\"header-general\" data-settings=\"{&quot;transition_speed&quot;:800,&quot;transition&quot;:&quot;fade&quot;,&quot;navigation&quot;:&quot;both&quot;}\" data-widget_type=\"slides.default\">\n\t\t\t\t<div class=\"elementor-widget-container\">\n\t\t\t\t\t\t\t\t\t<div class=\"elementor-swiper\">\n\t\t\t\t\t<div class=\"elementor-slides-wrapper elementor-main-swiper swiper\" role=\"region\" aria-roledescription=\"carousel\" aria-label=\"Slider\" dir=\"ltr\" data-animation=\"fadeInUp\">\n\t\t\t\t<div class=\"swiper-wrapper elementor-slides\">\n\t\t\t\t\t\t\t\t\t\t<div class=\"elementor-repeater-item-9cd9909 swiper-slide\" role=\"group\" aria-roledescription=\"slide\"><div class=\"swiper-slide-bg elementor-ken-burns elementor-ken-burns--in\" role=\"img\" aria-label=\"TF_250121_006\"><\/div><div class=\"elementor-background-overlay\"><\/div><div class=\"swiper-slide-inner\" ><div class=\"swiper-slide-contents\"><div class=\"elementor-slide-heading\">Buchen sie ihren aufenthalt<\/div><div class=\"elementor-slide-description\">Entspannte Ferien<\/div><\/div><\/div><\/div>\t\t\t\t<\/div>\n\t\t\t\t\t\t\t<\/div>\n\t\t\t\t<\/div>\n\t\t\t\t\t\t\t\t<\/div>\n\t\t\t\t<\/div>\n\t\t\t\t\t<\/div>\n\t\t<\/div>\n\t\t\t\t\t<\/div>\n\t\t<\/section>\n\t\t\t\t<section class=\"elementor-section elementor-top-section elementor-element elementor-element-92bd20f elementor-section-full_width qodef-elementor-content-grid padding-192-192 elementor-reverse-tablet elementor-reverse-mobile elementor-section-height-default elementor-section-height-default\" data-id=\"92bd20f\" data-element_type=\"section\" data-e-type=\"section\" data-settings=\"{&quot;background_background&quot;:&quot;classic&quot;}\">\n\t\t\t\t\t\t<div class=\"elementor-container elementor-column-gap-no\">\n\t\t\t\t\t<div class=\"elementor-column elementor-col-50 elementor-top-column elementor-element elementor-element-800940d elementor-hidden-tablet elementor-hidden-mobile\" data-id=\"800940d\" data-element_type=\"column\" data-e-type=\"column\">\n\t\t\t<div class=\"elementor-widget-wrap elementor-element-populated\">\n\t\t\t\t\t\t<div class=\"elementor-element elementor-element-1b45101 elementor-widget elementor-widget-gaspard_core_stacked_images\" data-id=\"1b45101\" data-element_type=\"widget\" data-e-type=\"widget\" data-widget_type=\"gaspard_core_stacked_images.default\">\n\t\t\t\t<div class=\"elementor-widget-container\">\n\t\t\t\t\t<div class=\"qodef-shortcode qodef-m qodef-stacked-images qodef-layout--default qodef-stack--right\">\n\t<div class=\"qodef-m-images\">\n\t\t<div class=\"qodef-e-main-image-holder\">\n\t\t\t<div class=\"qodef-e-main-image-zoom-holder\">\n\t\t\t\t\t\t\t\t\t<img fetchpriority=\"high\" decoding=\"async\" width=\"1708\" height=\"2278\" src=\"https:\/\/turchifarm.com\/wp-content\/uploads\/2021\/08\/TF_261018_053-e1630682003419.jpg\" class=\"qodef-e-main-image\" alt=\"\" srcset=\"https:\/\/turchifarm.com\/wp-content\/uploads\/2021\/08\/TF_261018_053-e1630682003419.jpg 1708w, https:\/\/turchifarm.com\/wp-content\/uploads\/2021\/08\/TF_261018_053-e1630682003419-300x400.jpg 300w, https:\/\/turchifarm.com\/wp-content\/uploads\/2021\/08\/TF_261018_053-e1630682003419-960x1280.jpg 960w, https:\/\/turchifarm.com\/wp-content\/uploads\/2021\/08\/TF_261018_053-e1630682003419-150x200.jpg 150w, https:\/\/turchifarm.com\/wp-content\/uploads\/2021\/08\/TF_261018_053-e1630682003419-768x1024.jpg 768w, https:\/\/turchifarm.com\/wp-content\/uploads\/2021\/08\/TF_261018_053-e1630682003419-1152x1536.jpg 1152w, https:\/\/turchifarm.com\/wp-content\/uploads\/2021\/08\/TF_261018_053-e1630682003419-1536x2048.jpg 1536w, https:\/\/turchifarm.com\/wp-content\/uploads\/2021\/08\/TF_261018_053-e1630682003419-1280x1707.jpg 1280w\" sizes=\"(max-width: 1708px) 100vw, 1708px\" \/>\t\t\t\t\t\t\t<\/div>\n\t\t<\/div>\n\t\t\t\t\t<img decoding=\"async\" width=\"1920\" height=\"1920\" src=\"https:\/\/turchifarm.com\/wp-content\/uploads\/2021\/08\/TF_261018_038-Modifica.jpg\" class=\"qodef-e-stack-image\" alt=\"\" srcset=\"https:\/\/turchifarm.com\/wp-content\/uploads\/2021\/08\/TF_261018_038-Modifica.jpg 1920w, https:\/\/turchifarm.com\/wp-content\/uploads\/2021\/08\/TF_261018_038-Modifica-300x300.jpg 300w, https:\/\/turchifarm.com\/wp-content\/uploads\/2021\/08\/TF_261018_038-Modifica-960x960.jpg 960w, https:\/\/turchifarm.com\/wp-content\/uploads\/2021\/08\/TF_261018_038-Modifica-768x768.jpg 768w, https:\/\/turchifarm.com\/wp-content\/uploads\/2021\/08\/TF_261018_038-Modifica-1536x1536.jpg 1536w, https:\/\/turchifarm.com\/wp-content\/uploads\/2021\/08\/TF_261018_038-Modifica-650x650.jpg 650w, https:\/\/turchifarm.com\/wp-content\/uploads\/2021\/08\/TF_261018_038-Modifica-1300x1300.jpg 1300w, https:\/\/turchifarm.com\/wp-content\/uploads\/2021\/08\/TF_261018_038-Modifica-1280x1280.jpg 1280w, https:\/\/turchifarm.com\/wp-content\/uploads\/2021\/08\/TF_261018_038-Modifica-100x100.jpg 100w, https:\/\/turchifarm.com\/wp-content\/uploads\/2021\/08\/TF_261018_038-Modifica-460x460.jpg 460w\" sizes=\"(max-width: 1920px) 100vw, 1920px\" \/>\t\t\t<\/div>\n<\/div>\t\t\t\t<\/div>\n\t\t\t\t<\/div>\n\t\t\t\t\t<\/div>\n\t\t<\/div>\n\t\t\t\t<div class=\"elementor-column elementor-col-50 elementor-top-column elementor-element elementor-element-45d527b\" data-id=\"45d527b\" data-element_type=\"column\" data-e-type=\"column\">\n\t\t\t<div class=\"elementor-widget-wrap elementor-element-populated\">\n\t\t\t\t\t\t<div class=\"elementor-element elementor-element-60c6827 elementor-widget elementor-widget-gaspard_core_section_title\" data-id=\"60c6827\" data-element_type=\"widget\" data-e-type=\"widget\" data-widget_type=\"gaspard_core_section_title.default\">\n\t\t\t\t<div class=\"elementor-widget-container\">\n\t\t\t\t\t<div class=\"qodef-shortcode qodef-m section-title-prenotazione qodef-section-title qodef-alignment--left qodef--has-appear\">\n\t\t<h2 class=\"qodef-m-title\" >\n\tVerf\u00fcgbarkeit pr\u00fcfen\t<\/h2>\n\t\t<p class=\"qodef-m-subtitle\" >F\u00fcllen Sie das Formular aus und wir werden Sie so schnell wie m\u00f6glich kontaktieren<\/p>\n\t\t<div class=\"qodef-m-text\" >\n\t\tOder schreiben Sie uns eine E-Mail an <a href=\"mailto:booking@turchifarm.com\" target=\"_blank\" rel=\"noopener\">booking@turchifarm.com<\/a>\t<\/div>\n\t\t<\/div>\t\t\t\t<\/div>\n\t\t\t\t<\/div>\n\t\t\t\t<div class=\"elementor-element elementor-element-e38c310 form-prenotazione elementor-widget elementor-widget-wp-widget-gaspard_core_contact_form_7\" data-id=\"e38c310\" data-element_type=\"widget\" data-e-type=\"widget\" data-widget_type=\"wp-widget-gaspard_core_contact_form_7.default\">\n\t\t\t\t<div class=\"elementor-widget-container\">\n\t\t\t\t\t\t\t\t<div class=\"qodef-contact-form-7\">\n\t\t\t\t\n<div class=\"wpcf7 no-js\" id=\"wpcf7-f7273-o1\" lang=\"de-DE\" dir=\"ltr\" data-wpcf7-id=\"7273\">\n<div class=\"screen-reader-response\"><p role=\"status\" aria-live=\"polite\" aria-atomic=\"true\"><\/p> <ul><\/ul><\/div>\n<form action=\"\/de\/wp-json\/wp\/v2\/pages\/7093#wpcf7-f7273-o1\" method=\"post\" class=\"wpcf7-form init cmonitor-ext-0.4.66 wpcf7-acceptance-as-validation\" aria-label=\"Kontaktformular\" novalidate=\"novalidate\" data-status=\"init\">\n<fieldset class=\"hidden-fields-container\"><input type=\"hidden\" name=\"_wpcf7\" value=\"7273\" \/><input type=\"hidden\" name=\"_wpcf7_version\" value=\"6.1.5\" \/><input type=\"hidden\" name=\"_wpcf7_locale\" value=\"de_DE\" \/><input type=\"hidden\" name=\"_wpcf7_unit_tag\" value=\"wpcf7-f7273-o1\" \/><input type=\"hidden\" name=\"_wpcf7_container_post\" value=\"0\" \/><input type=\"hidden\" name=\"_wpcf7_posted_data_hash\" value=\"\" \/><input type=\"hidden\" name=\"_wpcf7_recaptcha_response\" value=\"\" \/>\n<\/fieldset>\n<div class=\"qodef-cf7-prenotazione\">\n<script type=\"text\/javascript\">\nvar spans = document.getElementsByClassName(\"wpcf7-form-control-wrap\");\njQuery(function() {    \nfor(var i=0;i<spans.length;i++)\n    {\n        var input = spans[i].nextSibling;\n        if(input != null)\n        {\n            if(input.tagName == \"LABEL\")\n            {\n                spans[i].appendChild(input);\n            }   \n        }   \n    }\n});\n<\/script>\n\n<div class=\"qodef-cf7-flex\"><span class=\"wpcf7-form-control-wrap\" data-name=\"arrivo\"><input size=\"40\" maxlength=\"400\" class=\"wpcf7-form-control wpcf7-text wpcf7-validates-as-required walcf7-datepicker my-datepicker\" aria-required=\"true\" aria-invalid=\"false\" placeholder=\"Arrivo*\" value=\"\" type=\"text\" name=\"arrivo\" \/><\/span><label for=\"arrivo\" class=\"label-absolute\">Arrivo*<\/label><span class=\"wpcf7-form-control-wrap\" data-name=\"partenza\"><input size=\"40\" maxlength=\"400\" class=\"wpcf7-form-control wpcf7-text wpcf7-validates-as-required walcf7-datepicker my-datepicker\" aria-required=\"true\" aria-invalid=\"false\" placeholder=\"Partenza*\" value=\"\" type=\"text\" name=\"partenza\" \/><\/span><label for=\"partenza\" class=\"label-absolute\">Partenza*<\/label><\/div>\n\n<div class=\"qodef-cf7-note\">Indicare le preferenze su camere singole o doppie nel campo \"<span style=\"font-weight: 500;\">Note<\/span>\".<\/div>\n<div class=\"qodef-cf7-flex\"><span class=\"wpcf7-form-control-wrap\" data-name=\"n-camere\"><input class=\"wpcf7-form-control wpcf7-number wpcf7-validates-as-required wpcf7-validates-as-number\" min=\"1\" max=\"9\" aria-required=\"true\" aria-invalid=\"false\" placeholder=\"N\u00b0 camere*\" value=\"\" type=\"number\" name=\"n-camere\" \/><\/span><label for=\"n-camere\" class=\"label-absolute\">N\u00b0 camere*<\/label><span class=\"wpcf7-form-control-wrap\" data-name=\"n-adulti\"><input class=\"wpcf7-form-control wpcf7-number wpcf7-validates-as-required wpcf7-validates-as-number\" min=\"1\" max=\"20\" aria-required=\"true\" aria-invalid=\"false\" placeholder=\"N\u00b0 adulti*\" value=\"\" type=\"number\" name=\"n-adulti\" \/><\/span><label for=\"n-adulti\" class=\"label-absolute\">N\u00b0 adulti*<\/label><span class=\"wpcf7-form-control-wrap\" data-name=\"n-bambini\"><input class=\"wpcf7-form-control wpcf7-number wpcf7-validates-as-required wpcf7-validates-as-number\" min=\"0\" max=\"20\" aria-required=\"true\" aria-invalid=\"false\" placeholder=\"N\u00b0 bambini*\" value=\"\" type=\"number\" name=\"n-bambini\" \/><\/span><label for=\"n-bambini\" class=\"label-absolute\">N\u00b0 bambini<\/label><span class=\"wpcf7-form-control-wrap\" data-name=\"eta-bambini\"><input size=\"40\" maxlength=\"400\" class=\"wpcf7-form-control wpcf7-text\" aria-invalid=\"false\" placeholder=\"Et\u00e0 bambini\" value=\"\" type=\"text\" name=\"eta-bambini\" \/><\/span><label for=\"eta-bambini\" class=\"label-absolute\">Et\u00e0 bambini<\/label><\/div>\n<div class=\"qodef-cf7-flex qodef-cf7-nominativo\"><span class=\"wpcf7-form-control-wrap\" data-name=\"titolo\"><span class=\"wpcf7-form-control wpcf7-checkbox wpcf7-validates-as-required wpcf7-exclusive-checkbox\"><span class=\"wpcf7-list-item first\"><label><input type=\"checkbox\" name=\"titolo\" value=\"Sig.\" \/><span class=\"wpcf7-list-item-label\">Sig.<\/span><\/label><\/span><span class=\"wpcf7-list-item last\"><label><input type=\"checkbox\" name=\"titolo\" value=\"Sig.ra\" \/><span class=\"wpcf7-list-item-label\">Sig.ra<\/span><\/label><\/span><\/span><\/span><span class=\"wpcf7-form-control-wrap\" data-name=\"nominativo\"><input size=\"40\" maxlength=\"400\" class=\"wpcf7-form-control wpcf7-text wpcf7-validates-as-required\" aria-required=\"true\" aria-invalid=\"false\" placeholder=\"Nominativo*\" value=\"\" type=\"text\" name=\"nominativo\" \/><\/span><label for=\"nominativo\" class=\"label-absolute\">Nominativo*<\/label><\/div>\n<div class=\"qodef-cf7-flex\"><span class=\"wpcf7-form-control-wrap\" data-name=\"email\"><input size=\"40\" maxlength=\"400\" class=\"wpcf7-form-control wpcf7-email wpcf7-validates-as-required wpcf7-text wpcf7-validates-as-email\" aria-required=\"true\" aria-invalid=\"false\" placeholder=\"E-mail*\" value=\"\" type=\"email\" name=\"email\" \/><\/span><label for=\"email\" class=\"label-absolute\">E-mail*<\/label><span class=\"wpcf7-form-control-wrap\" data-name=\"telefono\"><input size=\"40\" maxlength=\"400\" class=\"wpcf7-form-control wpcf7-tel wpcf7-validates-as-required wpcf7-text wpcf7-validates-as-tel\" aria-required=\"true\" aria-invalid=\"false\" placeholder=\"Telefono*\" value=\"\" type=\"tel\" name=\"telefono\" \/><\/span><label for=\"telefono\" class=\"label-absolute\">Telefono*<\/label><\/div>\n<div class=\"qodef-cf7-newsletter\"><span class=\"wpcf7-form-control-wrap\" data-name=\"note\"><textarea cols=\"40\" rows=\"5\" maxlength=\"2000\" class=\"wpcf7-form-control wpcf7-textarea\" aria-invalid=\"false\" placeholder=\"Note\" name=\"note\"><\/textarea><\/span><\/div>\n<div class=\"qodef-cf7-newsletter\"><span class=\"wpcf7-form-control-wrap\" data-name=\"animale\"><span class=\"wpcf7-form-control wpcf7-checkbox\"><span class=\"wpcf7-list-item first last\"><label><input type=\"checkbox\" name=\"animale[]\" value=\"Soggiorno con animale domestico\" \/><span class=\"wpcf7-list-item-label\">Soggiorno con animale domestico<\/span><\/label><\/span><\/span><\/span><\/div>\n<div class=\"qodef-cf7-newsletter qodef-flex\">\n<div><span class=\"wpcf7-form-control-wrap\" data-name=\"Privacy\"><span class=\"wpcf7-form-control wpcf7-acceptance\"><span class=\"wpcf7-list-item\"><label><input type=\"checkbox\" name=\"Privacy\" value=\"1\" aria-invalid=\"false\" \/><span class=\"wpcf7-list-item-label\">Accetto la <a href=\"https:\/\/www.iubenda.com\/privacy-policy\/67408859\" class=\"iubenda-nostyle no-brand iubenda-noiframe iubenda-embed iubenda-noiframe\" title=\"Privacy Policy\">Privacy Policy<\/a><\/span><\/label><\/span><\/span><\/span><\/div>\n<div><button class=\"wpcf7-form-control wpcf7-submit button qodef-layout--textual qodef-button qodef-size--normal qodef-m qodef-button qodef-size--normal qodef-m\" type=\"submit\"><span class=\"qodef-m-text\">Invia<\/span><\/button><\/div>\n<\/div>\n<\/div><div class=\"wpcf7-response-output\" aria-hidden=\"true\"><\/div><p style=\"display: none !important\"><span class=\"wpcf7-form-control-wrap referer-page\"><input type=\"text\" name=\"referer-page\" value=\"http:\/\/Direct%20Visit\" data-value=\"http:\/\/Direct%20Visit\" size=\"40\" class=\"wpcf7-form-control wpcf7-text referer-page\" aria-invalid=\"false\"><\/span><\/p>\n<!-- campaignmonitor extension by Renzo Johnson -->\n<\/form>\n<\/div>\n\t\t\t<\/div>\n\t\t\t\t\t\t\t<\/div>\n\t\t\t\t<\/div>\n\t\t\t\t\t<\/div>\n\t\t<\/div>\n\t\t\t\t\t<\/div>\n\t\t<\/section>\n\t\t\t\t<\/div>\n\t\t","protected":false},"excerpt":{"rendered":"<p>Buchen sie ihren aufenthaltEntspannte Ferien Verf\u00fcgbarkeit pr\u00fcfen F\u00fcllen Sie das Formular aus und wir werden Sie so schnell wie m\u00f6glich kontaktieren Oder schreiben Sie uns eine E-Mail an booking@turchifarm.com<\/p>\n","protected":false},"author":1,"featured_media":7094,"parent":0,"menu_order":0,"comment_status":"closed","ping_status":"closed","template":"page-full-width.php","meta":{"inline_featured_image":false,"footnotes":""},"class_list":["post-7093","page","type-page","status-publish","has-post-thumbnail","hentry"],"yoast_head":"<!-- This site is optimized with the Yoast SEO plugin v27.0 - https:\/\/yoast.com\/product\/yoast-seo-wordpress\/ -->\n<title>Prenotazione soggiorno - Turchi Farm<\/title>\n<meta name=\"robots\" content=\"index, follow, max-snippet:-1, max-image-preview:large, max-video-preview:-1\" \/>\n<link rel=\"canonical\" href=\"https:\/\/turchifarm.com\/it\/prenotazione-soggiorno\/\" \/>\n<meta property=\"og:locale\" content=\"de_DE\" \/>\n<meta property=\"og:type\" content=\"article\" \/>\n<meta property=\"og:title\" content=\"Prenotazione soggiorno - Turchi Farm\" \/>\n<meta property=\"og:description\" content=\"Buchen sie ihren aufenthaltEntspannte Ferien Verf\u00fcgbarkeit pr\u00fcfen F\u00fcllen Sie das Formular aus und wir werden Sie so schnell wie m\u00f6glich kontaktieren Oder schreiben Sie uns eine E-Mail an booking@turchifarm.com\" \/>\n<meta property=\"og:url\" content=\"https:\/\/turchifarm.com\/it\/prenotazione-soggiorno\/\" \/>\n<meta property=\"og:site_name\" content=\"Turchi Farm\" \/>\n<meta property=\"article:modified_time\" content=\"2021-12-03T13:53:14+00:00\" \/>\n<meta property=\"og:image\" content=\"https:\/\/turchifarm.com\/wp-content\/uploads\/2021\/08\/TF_250121_006.jpg\" \/>\n\t<meta property=\"og:image:width\" content=\"1920\" \/>\n\t<meta property=\"og:image:height\" content=\"1280\" \/>\n\t<meta property=\"og:image:type\" content=\"image\/jpeg\" \/>\n<meta name=\"twitter:card\" content=\"summary_large_image\" \/>\n<script type=\"application\/ld+json\" class=\"yoast-schema-graph\">{\"@context\":\"https:\/\/schema.org\",\"@graph\":[{\"@type\":\"WebPage\",\"@id\":\"https:\/\/turchifarm.com\/it\/prenotazione-soggiorno\/\",\"url\":\"https:\/\/turchifarm.com\/it\/prenotazione-soggiorno\/\",\"name\":\"Prenotazione soggiorno - Turchi Farm\",\"isPartOf\":{\"@id\":\"https:\/\/turchifarm.com\/it\/#website\"},\"primaryImageOfPage\":{\"@id\":\"https:\/\/turchifarm.com\/it\/prenotazione-soggiorno\/#primaryimage\"},\"image\":{\"@id\":\"https:\/\/turchifarm.com\/it\/prenotazione-soggiorno\/#primaryimage\"},\"thumbnailUrl\":\"https:\/\/turchifarm.com\/wp-content\/uploads\/2021\/08\/TF_250121_006.jpg\",\"datePublished\":\"2021-09-03T14:51:17+00:00\",\"dateModified\":\"2021-12-03T13:53:14+00:00\",\"breadcrumb\":{\"@id\":\"https:\/\/turchifarm.com\/it\/prenotazione-soggiorno\/#breadcrumb\"},\"inLanguage\":\"de\",\"potentialAction\":[{\"@type\":\"ReadAction\",\"target\":[\"https:\/\/turchifarm.com\/it\/prenotazione-soggiorno\/\"]}]},{\"@type\":\"ImageObject\",\"inLanguage\":\"de\",\"@id\":\"https:\/\/turchifarm.com\/it\/prenotazione-soggiorno\/#primaryimage\",\"url\":\"https:\/\/turchifarm.com\/wp-content\/uploads\/2021\/08\/TF_250121_006.jpg\",\"contentUrl\":\"https:\/\/turchifarm.com\/wp-content\/uploads\/2021\/08\/TF_250121_006.jpg\",\"width\":1920,\"height\":1280},{\"@type\":\"BreadcrumbList\",\"@id\":\"https:\/\/turchifarm.com\/it\/prenotazione-soggiorno\/#breadcrumb\",\"itemListElement\":[{\"@type\":\"ListItem\",\"position\":1,\"name\":\"Home\",\"item\":\"https:\/\/turchifarm.com\/it\/\"},{\"@type\":\"ListItem\",\"position\":2,\"name\":\"Prenotazione soggiorno\"}]},{\"@type\":\"WebSite\",\"@id\":\"https:\/\/turchifarm.com\/it\/#website\",\"url\":\"https:\/\/turchifarm.com\/it\/\",\"name\":\"Turchi Farm\",\"description\":\"Locanda della Luna &amp; Antico Frantoio\",\"potentialAction\":[{\"@type\":\"SearchAction\",\"target\":{\"@type\":\"EntryPoint\",\"urlTemplate\":\"https:\/\/turchifarm.com\/it\/?s={search_term_string}\"},\"query-input\":{\"@type\":\"PropertyValueSpecification\",\"valueRequired\":true,\"valueName\":\"search_term_string\"}}],\"inLanguage\":\"de\"}]}<\/script>\n<!-- \/ Yoast SEO plugin. -->","yoast_head_json":{"title":"Prenotazione soggiorno - Turchi Farm","robots":{"index":"index","follow":"follow","max-snippet":"max-snippet:-1","max-image-preview":"max-image-preview:large","max-video-preview":"max-video-preview:-1"},"canonical":"https:\/\/turchifarm.com\/it\/prenotazione-soggiorno\/","og_locale":"de_DE","og_type":"article","og_title":"Prenotazione soggiorno - Turchi Farm","og_description":"Buchen sie ihren aufenthaltEntspannte Ferien Verf\u00fcgbarkeit pr\u00fcfen F\u00fcllen Sie das Formular aus und wir werden Sie so schnell wie m\u00f6glich kontaktieren Oder schreiben Sie uns eine E-Mail an booking@turchifarm.com","og_url":"https:\/\/turchifarm.com\/it\/prenotazione-soggiorno\/","og_site_name":"Turchi Farm","article_modified_time":"2021-12-03T13:53:14+00:00","og_image":[{"width":1920,"height":1280,"url":"https:\/\/turchifarm.com\/wp-content\/uploads\/2021\/08\/TF_250121_006.jpg","type":"image\/jpeg"}],"twitter_card":"summary_large_image","schema":{"@context":"https:\/\/schema.org","@graph":[{"@type":"WebPage","@id":"https:\/\/turchifarm.com\/it\/prenotazione-soggiorno\/","url":"https:\/\/turchifarm.com\/it\/prenotazione-soggiorno\/","name":"Prenotazione soggiorno - Turchi Farm","isPartOf":{"@id":"https:\/\/turchifarm.com\/it\/#website"},"primaryImageOfPage":{"@id":"https:\/\/turchifarm.com\/it\/prenotazione-soggiorno\/#primaryimage"},"image":{"@id":"https:\/\/turchifarm.com\/it\/prenotazione-soggiorno\/#primaryimage"},"thumbnailUrl":"https:\/\/turchifarm.com\/wp-content\/uploads\/2021\/08\/TF_250121_006.jpg","datePublished":"2021-09-03T14:51:17+00:00","dateModified":"2021-12-03T13:53:14+00:00","breadcrumb":{"@id":"https:\/\/turchifarm.com\/it\/prenotazione-soggiorno\/#breadcrumb"},"inLanguage":"de","potentialAction":[{"@type":"ReadAction","target":["https:\/\/turchifarm.com\/it\/prenotazione-soggiorno\/"]}]},{"@type":"ImageObject","inLanguage":"de","@id":"https:\/\/turchifarm.com\/it\/prenotazione-soggiorno\/#primaryimage","url":"https:\/\/turchifarm.com\/wp-content\/uploads\/2021\/08\/TF_250121_006.jpg","contentUrl":"https:\/\/turchifarm.com\/wp-content\/uploads\/2021\/08\/TF_250121_006.jpg","width":1920,"height":1280},{"@type":"BreadcrumbList","@id":"https:\/\/turchifarm.com\/it\/prenotazione-soggiorno\/#breadcrumb","itemListElement":[{"@type":"ListItem","position":1,"name":"Home","item":"https:\/\/turchifarm.com\/it\/"},{"@type":"ListItem","position":2,"name":"Prenotazione soggiorno"}]},{"@type":"WebSite","@id":"https:\/\/turchifarm.com\/it\/#website","url":"https:\/\/turchifarm.com\/it\/","name":"Turchi Farm","description":"Locanda della Luna &amp; Antico Frantoio","potentialAction":[{"@type":"SearchAction","target":{"@type":"EntryPoint","urlTemplate":"https:\/\/turchifarm.com\/it\/?s={search_term_string}"},"query-input":{"@type":"PropertyValueSpecification","valueRequired":true,"valueName":"search_term_string"}}],"inLanguage":"de"}]}},"_links":{"self":[{"href":"https:\/\/turchifarm.com\/de\/wp-json\/wp\/v2\/pages\/7093","targetHints":{"allow":["GET"]}}],"collection":[{"href":"https:\/\/turchifarm.com\/de\/wp-json\/wp\/v2\/pages"}],"about":[{"href":"https:\/\/turchifarm.com\/de\/wp-json\/wp\/v2\/types\/page"}],"author":[{"embeddable":true,"href":"https:\/\/turchifarm.com\/de\/wp-json\/wp\/v2\/users\/1"}],"replies":[{"embeddable":true,"href":"https:\/\/turchifarm.com\/de\/wp-json\/wp\/v2\/comments?post=7093"}],"version-history":[{"count":3,"href":"https:\/\/turchifarm.com\/de\/wp-json\/wp\/v2\/pages\/7093\/revisions"}],"predecessor-version":[{"id":7097,"href":"https:\/\/turchifarm.com\/de\/wp-json\/wp\/v2\/pages\/7093\/revisions\/7097"}],"wp:featuredmedia":[{"embeddable":true,"href":"https:\/\/turchifarm.com\/de\/wp-json\/wp\/v2\/media\/7094"}],"wp:attachment":[{"href":"https:\/\/turchifarm.com\/de\/wp-json\/wp\/v2\/media?parent=7093"}],"curies":[{"name":"wp","href":"https:\/\/api.w.org\/{rel}","templated":true}]}}