{"id":7169,"date":"2021-07-06T16:11:03","date_gmt":"2021-07-06T14:11:03","guid":{"rendered":"https:\/\/darkred-ant-757115.hostingersite.com\/shop\/lunatico\/"},"modified":"2025-10-22T15:54:52","modified_gmt":"2025-10-22T13:54:52","slug":"lunatico","status":"publish","type":"product","link":"https:\/\/turchifarm.com\/de\/shop\/lunatico\/","title":{"rendered":"Lunatico"},"content":{"rendered":"<p>Leicht perlender Wei\u00dfwein &#8211; 75 cl<\/p>\n","protected":false},"excerpt":{"rendered":"<h4>Leicht perlender Wei\u00dfwein<\/h4>\n<p>100% Trebbiano<\/p>\n<p>Manuelle Lese in der ersten Septemberh\u00e4lfte, Kaltverg\u00e4rung mit sanfter Pressung und statischer Vorkl\u00e4rung. Nat\u00fcrliche G\u00e4rung im Autoklaven.<\/p>\n<p>Verkostung: Zart gr\u00fcnlichgelb in der Farbe, frisches Aroma von wei\u00dfen Fr\u00fcchten und gr\u00fcnem Apfel, mit Noten von Bl\u00fcten, Ginster und Wei\u00dfdorn. Frisch am Gaumen, mit einer angenehmen Perlage und einer feinen, erfrischenden Note.<\/p>\n<p>Empfohlene Kombinationen:<\/p>\n<ul style=\"list-style-position: inside; list-style-type: disc;\">\n<li>Gersten- und Dinkelsalat mit saisonalem Gem\u00fcse und Pecorino<\/li>\n<li>Strozzapreti nach Landhausart mit saisonalem Gem\u00fcse<\/li>\n<li>Geschnittenes Stubenk\u00fcken mit Rucola, Grana und Kirschtomaten<\/li>\n<\/ul>\n<p><\/p>\n<ul class=\"product-description\">\n<li><strong>Kapazit\u00e4t:<\/strong>75 cl<\/li>\n<li><strong>Volumen:<\/strong>11%<\/li>\n<\/ul>\n","protected":false},"featured_media":7168,"template":"","meta":{"inline_featured_image":false},"product_brand":[],"product_cat":[108],"product_tag":[],"class_list":{"0":"post-7169","1":"product","2":"type-product","3":"status-publish","4":"has-post-thumbnail","6":"product_cat-weine","8":"first","9":"instock","10":"shipping-taxable","11":"purchasable","12":"product-type-simple"},"yoast_head":"<!-- This site is optimized with the Yoast SEO plugin v27.0 - https:\/\/yoast.com\/product\/yoast-seo-wordpress\/ -->\n<title>Lunatico - Turchi Farm<\/title>\n<meta name=\"robots\" content=\"index, follow, max-snippet:-1, max-image-preview:large, max-video-preview:-1\" \/>\n<link rel=\"canonical\" href=\"https:\/\/turchifarm.com\/it\/shop\/lunatico\/\" \/>\n<meta property=\"og:locale\" content=\"de_DE\" \/>\n<meta property=\"og:type\" content=\"article\" \/>\n<meta property=\"og:title\" content=\"Lunatico - Turchi Farm\" \/>\n<meta property=\"og:description\" content=\"Leicht perlender Wei\u00dfwein 100% Trebbiano Manuelle Lese in der ersten Septemberh\u00e4lfte, Kaltverg\u00e4rung mit sanfter Pressung und statischer Vorkl\u00e4rung. Nat\u00fcrliche G\u00e4rung im Autoklaven. Verkostung: Zart gr\u00fcnlichgelb in der Farbe, frisches Aroma von wei\u00dfen Fr\u00fcchten und gr\u00fcnem Apfel, mit Noten von Bl\u00fcten, Ginster und Wei\u00dfdorn. Frisch am Gaumen, mit einer angenehmen Perlage und einer feinen, erfrischenden Note. Empfohlene Kombinationen:   Gersten- und Dinkelsalat mit saisonalem Gem\u00fcse und Pecorino  Strozzapreti nach Landhausart mit saisonalem Gem\u00fcse  Geschnittenes Stubenk\u00fcken mit Rucola, Grana und Kirschtomaten     Kapazit\u00e4t:75 cl Volumen:11%\" \/>\n<meta property=\"og:url\" content=\"https:\/\/turchifarm.com\/it\/shop\/lunatico\/\" \/>\n<meta property=\"og:site_name\" content=\"Turchi Farm\" \/>\n<meta property=\"article:modified_time\" content=\"2025-10-22T13:54:52+00:00\" \/>\n<meta property=\"og:image\" content=\"https:\/\/turchifarm.com\/wp-content\/uploads\/2021\/07\/Lunatico-min.jpg\" \/>\n\t<meta property=\"og:image:width\" content=\"960\" \/>\n\t<meta property=\"og:image:height\" content=\"1280\" \/>\n\t<meta property=\"og:image:type\" content=\"image\/jpeg\" \/>\n<meta name=\"twitter:card\" content=\"summary_large_image\" \/>\n<script type=\"application\/ld+json\" class=\"yoast-schema-graph\">{\"@context\":\"https:\/\/schema.org\",\"@graph\":[{\"@type\":\"WebPage\",\"@id\":\"https:\/\/turchifarm.com\/it\/shop\/lunatico\/\",\"url\":\"https:\/\/turchifarm.com\/it\/shop\/lunatico\/\",\"name\":\"Lunatico - Turchi Farm\",\"isPartOf\":{\"@id\":\"https:\/\/turchifarm.com\/it\/#website\"},\"primaryImageOfPage\":{\"@id\":\"https:\/\/turchifarm.com\/it\/shop\/lunatico\/#primaryimage\"},\"image\":{\"@id\":\"https:\/\/turchifarm.com\/it\/shop\/lunatico\/#primaryimage\"},\"thumbnailUrl\":\"https:\/\/turchifarm.com\/wp-content\/uploads\/2021\/07\/Lunatico-min.jpg\",\"datePublished\":\"2021-07-06T14:11:03+00:00\",\"dateModified\":\"2025-10-22T13:54:52+00:00\",\"breadcrumb\":{\"@id\":\"https:\/\/turchifarm.com\/it\/shop\/lunatico\/#breadcrumb\"},\"inLanguage\":\"de\",\"potentialAction\":[{\"@type\":\"ReadAction\",\"target\":[\"https:\/\/turchifarm.com\/it\/shop\/lunatico\/\"]}]},{\"@type\":\"ImageObject\",\"inLanguage\":\"de\",\"@id\":\"https:\/\/turchifarm.com\/it\/shop\/lunatico\/#primaryimage\",\"url\":\"https:\/\/turchifarm.com\/wp-content\/uploads\/2021\/07\/Lunatico-min.jpg\",\"contentUrl\":\"https:\/\/turchifarm.com\/wp-content\/uploads\/2021\/07\/Lunatico-min.jpg\",\"width\":960,\"height\":1280},{\"@type\":\"BreadcrumbList\",\"@id\":\"https:\/\/turchifarm.com\/it\/shop\/lunatico\/#breadcrumb\",\"itemListElement\":[{\"@type\":\"ListItem\",\"position\":1,\"name\":\"Home\",\"item\":\"https:\/\/turchifarm.com\/it\/\"},{\"@type\":\"ListItem\",\"position\":2,\"name\":\"Shop\",\"item\":\"https:\/\/turchifarm.com\/it\/negozio\/\"},{\"@type\":\"ListItem\",\"position\":3,\"name\":\"Lunatico\"}]},{\"@type\":\"WebSite\",\"@id\":\"https:\/\/turchifarm.com\/it\/#website\",\"url\":\"https:\/\/turchifarm.com\/it\/\",\"name\":\"Turchi Farm\",\"description\":\"Locanda della Luna &amp; Antico Frantoio\",\"potentialAction\":[{\"@type\":\"SearchAction\",\"target\":{\"@type\":\"EntryPoint\",\"urlTemplate\":\"https:\/\/turchifarm.com\/it\/?s={search_term_string}\"},\"query-input\":{\"@type\":\"PropertyValueSpecification\",\"valueRequired\":true,\"valueName\":\"search_term_string\"}}],\"inLanguage\":\"de\"}]}<\/script>\n<!-- \/ Yoast SEO plugin. -->","yoast_head_json":{"title":"Lunatico - Turchi Farm","robots":{"index":"index","follow":"follow","max-snippet":"max-snippet:-1","max-image-preview":"max-image-preview:large","max-video-preview":"max-video-preview:-1"},"canonical":"https:\/\/turchifarm.com\/it\/shop\/lunatico\/","og_locale":"de_DE","og_type":"article","og_title":"Lunatico - Turchi Farm","og_description":"Leicht perlender Wei\u00dfwein 100% Trebbiano Manuelle Lese in der ersten Septemberh\u00e4lfte, Kaltverg\u00e4rung mit sanfter Pressung und statischer Vorkl\u00e4rung. Nat\u00fcrliche G\u00e4rung im Autoklaven. Verkostung: Zart gr\u00fcnlichgelb in der Farbe, frisches Aroma von wei\u00dfen Fr\u00fcchten und gr\u00fcnem Apfel, mit Noten von Bl\u00fcten, Ginster und Wei\u00dfdorn. Frisch am Gaumen, mit einer angenehmen Perlage und einer feinen, erfrischenden Note. Empfohlene Kombinationen:   Gersten- und Dinkelsalat mit saisonalem Gem\u00fcse und Pecorino  Strozzapreti nach Landhausart mit saisonalem Gem\u00fcse  Geschnittenes Stubenk\u00fcken mit Rucola, Grana und Kirschtomaten     Kapazit\u00e4t:75 cl Volumen:11%","og_url":"https:\/\/turchifarm.com\/it\/shop\/lunatico\/","og_site_name":"Turchi Farm","article_modified_time":"2025-10-22T13:54:52+00:00","og_image":[{"width":960,"height":1280,"url":"https:\/\/turchifarm.com\/wp-content\/uploads\/2021\/07\/Lunatico-min.jpg","type":"image\/jpeg"}],"twitter_card":"summary_large_image","schema":{"@context":"https:\/\/schema.org","@graph":[{"@type":"WebPage","@id":"https:\/\/turchifarm.com\/it\/shop\/lunatico\/","url":"https:\/\/turchifarm.com\/it\/shop\/lunatico\/","name":"Lunatico - Turchi Farm","isPartOf":{"@id":"https:\/\/turchifarm.com\/it\/#website"},"primaryImageOfPage":{"@id":"https:\/\/turchifarm.com\/it\/shop\/lunatico\/#primaryimage"},"image":{"@id":"https:\/\/turchifarm.com\/it\/shop\/lunatico\/#primaryimage"},"thumbnailUrl":"https:\/\/turchifarm.com\/wp-content\/uploads\/2021\/07\/Lunatico-min.jpg","datePublished":"2021-07-06T14:11:03+00:00","dateModified":"2025-10-22T13:54:52+00:00","breadcrumb":{"@id":"https:\/\/turchifarm.com\/it\/shop\/lunatico\/#breadcrumb"},"inLanguage":"de","potentialAction":[{"@type":"ReadAction","target":["https:\/\/turchifarm.com\/it\/shop\/lunatico\/"]}]},{"@type":"ImageObject","inLanguage":"de","@id":"https:\/\/turchifarm.com\/it\/shop\/lunatico\/#primaryimage","url":"https:\/\/turchifarm.com\/wp-content\/uploads\/2021\/07\/Lunatico-min.jpg","contentUrl":"https:\/\/turchifarm.com\/wp-content\/uploads\/2021\/07\/Lunatico-min.jpg","width":960,"height":1280},{"@type":"BreadcrumbList","@id":"https:\/\/turchifarm.com\/it\/shop\/lunatico\/#breadcrumb","itemListElement":[{"@type":"ListItem","position":1,"name":"Home","item":"https:\/\/turchifarm.com\/it\/"},{"@type":"ListItem","position":2,"name":"Shop","item":"https:\/\/turchifarm.com\/it\/negozio\/"},{"@type":"ListItem","position":3,"name":"Lunatico"}]},{"@type":"WebSite","@id":"https:\/\/turchifarm.com\/it\/#website","url":"https:\/\/turchifarm.com\/it\/","name":"Turchi Farm","description":"Locanda della Luna &amp; Antico Frantoio","potentialAction":[{"@type":"SearchAction","target":{"@type":"EntryPoint","urlTemplate":"https:\/\/turchifarm.com\/it\/?s={search_term_string}"},"query-input":{"@type":"PropertyValueSpecification","valueRequired":true,"valueName":"search_term_string"}}],"inLanguage":"de"}]}},"_links":{"self":[{"href":"https:\/\/turchifarm.com\/de\/wp-json\/wp\/v2\/product\/7169","targetHints":{"allow":["GET"]}}],"collection":[{"href":"https:\/\/turchifarm.com\/de\/wp-json\/wp\/v2\/product"}],"about":[{"href":"https:\/\/turchifarm.com\/de\/wp-json\/wp\/v2\/types\/product"}],"version-history":[{"count":0,"href":"https:\/\/turchifarm.com\/de\/wp-json\/wp\/v2\/product\/7169\/revisions"}],"wp:featuredmedia":[{"embeddable":true,"href":"https:\/\/turchifarm.com\/de\/wp-json\/wp\/v2\/media\/7168"}],"wp:attachment":[{"href":"https:\/\/turchifarm.com\/de\/wp-json\/wp\/v2\/media?parent=7169"}],"wp:term":[{"taxonomy":"product_brand","embeddable":true,"href":"https:\/\/turchifarm.com\/de\/wp-json\/wp\/v2\/product_brand?post=7169"},{"taxonomy":"product_cat","embeddable":true,"href":"https:\/\/turchifarm.com\/de\/wp-json\/wp\/v2\/product_cat?post=7169"},{"taxonomy":"product_tag","embeddable":true,"href":"https:\/\/turchifarm.com\/de\/wp-json\/wp\/v2\/product_tag?post=7169"}],"curies":[{"name":"wp","href":"https:\/\/api.w.org\/{rel}","templated":true}]}}