{"id":7182,"date":"2021-07-06T16:07:38","date_gmt":"2021-07-06T14:07:38","guid":{"rendered":"https:\/\/darkred-ant-757115.hostingersite.com\/shop\/sultano\/"},"modified":"2025-10-22T15:35:15","modified_gmt":"2025-10-22T13:35:15","slug":"sultano","status":"publish","type":"product","link":"https:\/\/turchifarm.com\/de\/shop\/sultano\/","title":{"rendered":"Sultano"},"content":{"rendered":"","protected":false},"excerpt":{"rendered":"<h4>Rubicone IGP Rotwein<\/h4>\n<p>Sangiovese und Cabernet Sauvignon<\/p>\n<p>Manuelle Lese in der ersten Oktoberh\u00e4lfte, Rotweinbereitung mit Maischeg\u00e4rung und Reifung in Tonneaux und Barriques.<\/p>\n<p>Rubinrote Farbe mit granatroten Reflexen. Weitreichendes Bouquet von reifen roten Fr\u00fcchten, Konfit\u00fcre, mit balsamischen und w\u00fcrzigen Noten. Am Gaumen strukturiert, weich und anhaltend im Abgang.<\/p>\n<p>Empfohlene Kombinationen: <\/p>\n<ul style=\"list-style-position: inside; list-style-type: disc;\">\n<li>Tagliatelle mit Wildrag\u00f9<\/li>\n<li>Rinderfiletspie\u00df<\/li>\n<li>Rinderkotelett der Rasse Romagnola<\/li>\n<\/ul>\n<p><\/p>\n<ul class=\"product-description\">\n<li><strong>Kapazit\u00e4t:<\/strong>75 cl<\/li>\n<li><strong>Volumen:<\/strong>14%<\/li>\n<\/ul>\n","protected":false},"featured_media":7179,"template":"","meta":{"inline_featured_image":false},"product_brand":[],"product_cat":[108],"product_tag":[],"class_list":{"0":"post-7182","1":"product","2":"type-product","3":"status-publish","4":"has-post-thumbnail","6":"product_cat-weine","8":"first","9":"instock","10":"featured","11":"shipping-taxable","12":"purchasable","13":"product-type-simple"},"yoast_head":"<!-- This site is optimized with the Yoast SEO plugin v27.0 - https:\/\/yoast.com\/product\/yoast-seo-wordpress\/ -->\n<title>Sultano - Turchi Farm<\/title>\n<meta name=\"robots\" content=\"index, follow, max-snippet:-1, max-image-preview:large, max-video-preview:-1\" \/>\n<link rel=\"canonical\" href=\"https:\/\/turchifarm.com\/it\/shop\/sultano\/\" \/>\n<meta property=\"og:locale\" content=\"de_DE\" \/>\n<meta property=\"og:type\" content=\"article\" \/>\n<meta property=\"og:title\" content=\"Sultano - Turchi Farm\" \/>\n<meta property=\"og:description\" content=\"Rubicone IGP Rotwein Sangiovese und Cabernet Sauvignon Manuelle Lese in der ersten Oktoberh\u00e4lfte, Rotweinbereitung mit Maischeg\u00e4rung und Reifung in Tonneaux und Barriques. Rubinrote Farbe mit granatroten Reflexen. Weitreichendes Bouquet von reifen roten Fr\u00fcchten, Konfit\u00fcre, mit balsamischen und w\u00fcrzigen Noten. Am Gaumen strukturiert, weich und anhaltend im Abgang. Empfohlene Kombinationen:    Tagliatelle mit Wildrag\u00f9  Rinderfiletspie\u00df  Rinderkotelett der Rasse Romagnola     Kapazit\u00e4t:75 cl Volumen:14%\" \/>\n<meta property=\"og:url\" content=\"https:\/\/turchifarm.com\/it\/shop\/sultano\/\" \/>\n<meta property=\"og:site_name\" content=\"Turchi Farm\" \/>\n<meta property=\"article:modified_time\" content=\"2025-10-22T13:35:15+00:00\" \/>\n<meta property=\"og:image\" content=\"https:\/\/turchifarm.com\/wp-content\/uploads\/2021\/07\/Sultano-min.jpg\" \/>\n\t<meta property=\"og:image:width\" content=\"960\" \/>\n\t<meta property=\"og:image:height\" content=\"1280\" \/>\n\t<meta property=\"og:image:type\" content=\"image\/jpeg\" \/>\n<meta name=\"twitter:card\" content=\"summary_large_image\" \/>\n<script type=\"application\/ld+json\" class=\"yoast-schema-graph\">{\"@context\":\"https:\/\/schema.org\",\"@graph\":[{\"@type\":\"WebPage\",\"@id\":\"https:\/\/turchifarm.com\/it\/shop\/sultano\/\",\"url\":\"https:\/\/turchifarm.com\/it\/shop\/sultano\/\",\"name\":\"Sultano - Turchi Farm\",\"isPartOf\":{\"@id\":\"https:\/\/turchifarm.com\/it\/#website\"},\"primaryImageOfPage\":{\"@id\":\"https:\/\/turchifarm.com\/it\/shop\/sultano\/#primaryimage\"},\"image\":{\"@id\":\"https:\/\/turchifarm.com\/it\/shop\/sultano\/#primaryimage\"},\"thumbnailUrl\":\"https:\/\/turchifarm.com\/wp-content\/uploads\/2021\/07\/Sultano-min.jpg\",\"datePublished\":\"2021-07-06T14:07:38+00:00\",\"dateModified\":\"2025-10-22T13:35:15+00:00\",\"breadcrumb\":{\"@id\":\"https:\/\/turchifarm.com\/it\/shop\/sultano\/#breadcrumb\"},\"inLanguage\":\"de\",\"potentialAction\":[{\"@type\":\"ReadAction\",\"target\":[\"https:\/\/turchifarm.com\/it\/shop\/sultano\/\"]}]},{\"@type\":\"ImageObject\",\"inLanguage\":\"de\",\"@id\":\"https:\/\/turchifarm.com\/it\/shop\/sultano\/#primaryimage\",\"url\":\"https:\/\/turchifarm.com\/wp-content\/uploads\/2021\/07\/Sultano-min.jpg\",\"contentUrl\":\"https:\/\/turchifarm.com\/wp-content\/uploads\/2021\/07\/Sultano-min.jpg\",\"width\":960,\"height\":1280},{\"@type\":\"BreadcrumbList\",\"@id\":\"https:\/\/turchifarm.com\/it\/shop\/sultano\/#breadcrumb\",\"itemListElement\":[{\"@type\":\"ListItem\",\"position\":1,\"name\":\"Home\",\"item\":\"https:\/\/turchifarm.com\/it\/\"},{\"@type\":\"ListItem\",\"position\":2,\"name\":\"Shop\",\"item\":\"https:\/\/turchifarm.com\/it\/negozio\/\"},{\"@type\":\"ListItem\",\"position\":3,\"name\":\"Sultano\"}]},{\"@type\":\"WebSite\",\"@id\":\"https:\/\/turchifarm.com\/it\/#website\",\"url\":\"https:\/\/turchifarm.com\/it\/\",\"name\":\"Turchi Farm\",\"description\":\"Locanda della Luna &amp; Antico Frantoio\",\"potentialAction\":[{\"@type\":\"SearchAction\",\"target\":{\"@type\":\"EntryPoint\",\"urlTemplate\":\"https:\/\/turchifarm.com\/it\/?s={search_term_string}\"},\"query-input\":{\"@type\":\"PropertyValueSpecification\",\"valueRequired\":true,\"valueName\":\"search_term_string\"}}],\"inLanguage\":\"de\"}]}<\/script>\n<!-- \/ Yoast SEO plugin. -->","yoast_head_json":{"title":"Sultano - Turchi Farm","robots":{"index":"index","follow":"follow","max-snippet":"max-snippet:-1","max-image-preview":"max-image-preview:large","max-video-preview":"max-video-preview:-1"},"canonical":"https:\/\/turchifarm.com\/it\/shop\/sultano\/","og_locale":"de_DE","og_type":"article","og_title":"Sultano - Turchi Farm","og_description":"Rubicone IGP Rotwein Sangiovese und Cabernet Sauvignon Manuelle Lese in der ersten Oktoberh\u00e4lfte, Rotweinbereitung mit Maischeg\u00e4rung und Reifung in Tonneaux und Barriques. Rubinrote Farbe mit granatroten Reflexen. Weitreichendes Bouquet von reifen roten Fr\u00fcchten, Konfit\u00fcre, mit balsamischen und w\u00fcrzigen Noten. Am Gaumen strukturiert, weich und anhaltend im Abgang. Empfohlene Kombinationen:    Tagliatelle mit Wildrag\u00f9  Rinderfiletspie\u00df  Rinderkotelett der Rasse Romagnola     Kapazit\u00e4t:75 cl Volumen:14%","og_url":"https:\/\/turchifarm.com\/it\/shop\/sultano\/","og_site_name":"Turchi Farm","article_modified_time":"2025-10-22T13:35:15+00:00","og_image":[{"width":960,"height":1280,"url":"https:\/\/turchifarm.com\/wp-content\/uploads\/2021\/07\/Sultano-min.jpg","type":"image\/jpeg"}],"twitter_card":"summary_large_image","schema":{"@context":"https:\/\/schema.org","@graph":[{"@type":"WebPage","@id":"https:\/\/turchifarm.com\/it\/shop\/sultano\/","url":"https:\/\/turchifarm.com\/it\/shop\/sultano\/","name":"Sultano - Turchi Farm","isPartOf":{"@id":"https:\/\/turchifarm.com\/it\/#website"},"primaryImageOfPage":{"@id":"https:\/\/turchifarm.com\/it\/shop\/sultano\/#primaryimage"},"image":{"@id":"https:\/\/turchifarm.com\/it\/shop\/sultano\/#primaryimage"},"thumbnailUrl":"https:\/\/turchifarm.com\/wp-content\/uploads\/2021\/07\/Sultano-min.jpg","datePublished":"2021-07-06T14:07:38+00:00","dateModified":"2025-10-22T13:35:15+00:00","breadcrumb":{"@id":"https:\/\/turchifarm.com\/it\/shop\/sultano\/#breadcrumb"},"inLanguage":"de","potentialAction":[{"@type":"ReadAction","target":["https:\/\/turchifarm.com\/it\/shop\/sultano\/"]}]},{"@type":"ImageObject","inLanguage":"de","@id":"https:\/\/turchifarm.com\/it\/shop\/sultano\/#primaryimage","url":"https:\/\/turchifarm.com\/wp-content\/uploads\/2021\/07\/Sultano-min.jpg","contentUrl":"https:\/\/turchifarm.com\/wp-content\/uploads\/2021\/07\/Sultano-min.jpg","width":960,"height":1280},{"@type":"BreadcrumbList","@id":"https:\/\/turchifarm.com\/it\/shop\/sultano\/#breadcrumb","itemListElement":[{"@type":"ListItem","position":1,"name":"Home","item":"https:\/\/turchifarm.com\/it\/"},{"@type":"ListItem","position":2,"name":"Shop","item":"https:\/\/turchifarm.com\/it\/negozio\/"},{"@type":"ListItem","position":3,"name":"Sultano"}]},{"@type":"WebSite","@id":"https:\/\/turchifarm.com\/it\/#website","url":"https:\/\/turchifarm.com\/it\/","name":"Turchi Farm","description":"Locanda della Luna &amp; Antico Frantoio","potentialAction":[{"@type":"SearchAction","target":{"@type":"EntryPoint","urlTemplate":"https:\/\/turchifarm.com\/it\/?s={search_term_string}"},"query-input":{"@type":"PropertyValueSpecification","valueRequired":true,"valueName":"search_term_string"}}],"inLanguage":"de"}]}},"_links":{"self":[{"href":"https:\/\/turchifarm.com\/de\/wp-json\/wp\/v2\/product\/7182","targetHints":{"allow":["GET"]}}],"collection":[{"href":"https:\/\/turchifarm.com\/de\/wp-json\/wp\/v2\/product"}],"about":[{"href":"https:\/\/turchifarm.com\/de\/wp-json\/wp\/v2\/types\/product"}],"version-history":[{"count":0,"href":"https:\/\/turchifarm.com\/de\/wp-json\/wp\/v2\/product\/7182\/revisions"}],"wp:featuredmedia":[{"embeddable":true,"href":"https:\/\/turchifarm.com\/de\/wp-json\/wp\/v2\/media\/7179"}],"wp:attachment":[{"href":"https:\/\/turchifarm.com\/de\/wp-json\/wp\/v2\/media?parent=7182"}],"wp:term":[{"taxonomy":"product_brand","embeddable":true,"href":"https:\/\/turchifarm.com\/de\/wp-json\/wp\/v2\/product_brand?post=7182"},{"taxonomy":"product_cat","embeddable":true,"href":"https:\/\/turchifarm.com\/de\/wp-json\/wp\/v2\/product_cat?post=7182"},{"taxonomy":"product_tag","embeddable":true,"href":"https:\/\/turchifarm.com\/de\/wp-json\/wp\/v2\/product_tag?post=7182"}],"curies":[{"name":"wp","href":"https:\/\/api.w.org\/{rel}","templated":true}]}}