{"id":7192,"date":"2021-07-06T15:53:18","date_gmt":"2021-07-06T13:53:18","guid":{"rendered":"https:\/\/darkred-ant-757115.hostingersite.com\/shop\/agresto\/"},"modified":"2026-02-24T22:16:43","modified_gmt":"2026-02-24T21:16:43","slug":"agresto","status":"publish","type":"product","link":"https:\/\/turchifarm.com\/de\/shop\/agresto\/","title":{"rendered":"Agresto"},"content":{"rendered":"<p>Rotweinessig &#8211; 25 cl<\/p>\n","protected":false},"excerpt":{"rendered":"<h4>Rotweinessig<\/h4>\n<p>Gewonnen aus Sangiovese-Rotwein in Holzf\u00e4ssern nach traditioneller Methode. F\u00fcr diejenigen, die den wahren Geschmack des Essigs nach romagnolischer Art lieben.<\/p>\n<ul class=\"product-description\">\n<li><strong>Zutaten:<\/strong>Rotwein, Sulfite<\/li>\n<li><strong>S\u00e4ure:<\/strong>6 %<\/li>\n<li><strong>Nettogewicht:<\/strong>25 cl<\/li>\n<\/ul>\n","protected":false},"featured_media":7147,"template":"","meta":{"inline_featured_image":false},"product_brand":[],"product_cat":[104],"product_tag":[],"class_list":{"0":"post-7192","1":"product","2":"type-product","3":"status-publish","4":"has-post-thumbnail","6":"product_cat-winegaren","8":"first","9":"instock","10":"shipping-taxable","11":"purchasable","12":"product-type-simple"},"yoast_head":"<!-- This site is optimized with the Yoast SEO plugin v27.0 - https:\/\/yoast.com\/product\/yoast-seo-wordpress\/ -->\n<title>Agresto - Turchi Farm<\/title>\n<meta name=\"robots\" content=\"index, follow, max-snippet:-1, max-image-preview:large, max-video-preview:-1\" \/>\n<link rel=\"canonical\" href=\"https:\/\/turchifarm.com\/it\/shop\/agresto\/\" \/>\n<meta property=\"og:locale\" content=\"de_DE\" \/>\n<meta property=\"og:type\" content=\"article\" \/>\n<meta property=\"og:title\" content=\"Agresto - Turchi Farm\" \/>\n<meta property=\"og:description\" content=\"Rotweinessig Gewonnen aus Sangiovese-Rotwein in Holzf\u00e4ssern nach traditioneller Methode. F\u00fcr diejenigen, die den wahren Geschmack des Essigs nach romagnolischer Art lieben.  Zutaten:Rotwein, Sulfite S\u00e4ure:6 % Nettogewicht:25 cl\" \/>\n<meta property=\"og:url\" content=\"https:\/\/turchifarm.com\/it\/shop\/agresto\/\" \/>\n<meta property=\"og:site_name\" content=\"Turchi Farm\" \/>\n<meta property=\"article:modified_time\" content=\"2026-02-24T21:16:43+00:00\" \/>\n<meta property=\"og:image\" content=\"https:\/\/turchifarm.com\/wp-content\/uploads\/2021\/07\/Agresto-min.jpg\" \/>\n\t<meta property=\"og:image:width\" content=\"960\" \/>\n\t<meta property=\"og:image:height\" content=\"1280\" \/>\n\t<meta property=\"og:image:type\" content=\"image\/jpeg\" \/>\n<meta name=\"twitter:card\" content=\"summary_large_image\" \/>\n<script type=\"application\/ld+json\" class=\"yoast-schema-graph\">{\"@context\":\"https:\/\/schema.org\",\"@graph\":[{\"@type\":\"WebPage\",\"@id\":\"https:\/\/turchifarm.com\/it\/shop\/agresto\/\",\"url\":\"https:\/\/turchifarm.com\/it\/shop\/agresto\/\",\"name\":\"Agresto - Turchi Farm\",\"isPartOf\":{\"@id\":\"https:\/\/turchifarm.com\/it\/#website\"},\"primaryImageOfPage\":{\"@id\":\"https:\/\/turchifarm.com\/it\/shop\/agresto\/#primaryimage\"},\"image\":{\"@id\":\"https:\/\/turchifarm.com\/it\/shop\/agresto\/#primaryimage\"},\"thumbnailUrl\":\"https:\/\/turchifarm.com\/wp-content\/uploads\/2021\/07\/Agresto-min.jpg\",\"datePublished\":\"2021-07-06T13:53:18+00:00\",\"dateModified\":\"2026-02-24T21:16:43+00:00\",\"breadcrumb\":{\"@id\":\"https:\/\/turchifarm.com\/it\/shop\/agresto\/#breadcrumb\"},\"inLanguage\":\"de\",\"potentialAction\":[{\"@type\":\"ReadAction\",\"target\":[\"https:\/\/turchifarm.com\/it\/shop\/agresto\/\"]}]},{\"@type\":\"ImageObject\",\"inLanguage\":\"de\",\"@id\":\"https:\/\/turchifarm.com\/it\/shop\/agresto\/#primaryimage\",\"url\":\"https:\/\/turchifarm.com\/wp-content\/uploads\/2021\/07\/Agresto-min.jpg\",\"contentUrl\":\"https:\/\/turchifarm.com\/wp-content\/uploads\/2021\/07\/Agresto-min.jpg\",\"width\":960,\"height\":1280},{\"@type\":\"BreadcrumbList\",\"@id\":\"https:\/\/turchifarm.com\/it\/shop\/agresto\/#breadcrumb\",\"itemListElement\":[{\"@type\":\"ListItem\",\"position\":1,\"name\":\"Home\",\"item\":\"https:\/\/turchifarm.com\/it\/\"},{\"@type\":\"ListItem\",\"position\":2,\"name\":\"Shop\",\"item\":\"https:\/\/turchifarm.com\/it\/negozio\/\"},{\"@type\":\"ListItem\",\"position\":3,\"name\":\"Agresto\"}]},{\"@type\":\"WebSite\",\"@id\":\"https:\/\/turchifarm.com\/it\/#website\",\"url\":\"https:\/\/turchifarm.com\/it\/\",\"name\":\"Turchi Farm\",\"description\":\"Locanda della Luna &amp; Antico Frantoio\",\"potentialAction\":[{\"@type\":\"SearchAction\",\"target\":{\"@type\":\"EntryPoint\",\"urlTemplate\":\"https:\/\/turchifarm.com\/it\/?s={search_term_string}\"},\"query-input\":{\"@type\":\"PropertyValueSpecification\",\"valueRequired\":true,\"valueName\":\"search_term_string\"}}],\"inLanguage\":\"de\"}]}<\/script>\n<!-- \/ Yoast SEO plugin. -->","yoast_head_json":{"title":"Agresto - Turchi Farm","robots":{"index":"index","follow":"follow","max-snippet":"max-snippet:-1","max-image-preview":"max-image-preview:large","max-video-preview":"max-video-preview:-1"},"canonical":"https:\/\/turchifarm.com\/it\/shop\/agresto\/","og_locale":"de_DE","og_type":"article","og_title":"Agresto - Turchi Farm","og_description":"Rotweinessig Gewonnen aus Sangiovese-Rotwein in Holzf\u00e4ssern nach traditioneller Methode. F\u00fcr diejenigen, die den wahren Geschmack des Essigs nach romagnolischer Art lieben.  Zutaten:Rotwein, Sulfite S\u00e4ure:6 % Nettogewicht:25 cl","og_url":"https:\/\/turchifarm.com\/it\/shop\/agresto\/","og_site_name":"Turchi Farm","article_modified_time":"2026-02-24T21:16:43+00:00","og_image":[{"width":960,"height":1280,"url":"https:\/\/turchifarm.com\/wp-content\/uploads\/2021\/07\/Agresto-min.jpg","type":"image\/jpeg"}],"twitter_card":"summary_large_image","schema":{"@context":"https:\/\/schema.org","@graph":[{"@type":"WebPage","@id":"https:\/\/turchifarm.com\/it\/shop\/agresto\/","url":"https:\/\/turchifarm.com\/it\/shop\/agresto\/","name":"Agresto - Turchi Farm","isPartOf":{"@id":"https:\/\/turchifarm.com\/it\/#website"},"primaryImageOfPage":{"@id":"https:\/\/turchifarm.com\/it\/shop\/agresto\/#primaryimage"},"image":{"@id":"https:\/\/turchifarm.com\/it\/shop\/agresto\/#primaryimage"},"thumbnailUrl":"https:\/\/turchifarm.com\/wp-content\/uploads\/2021\/07\/Agresto-min.jpg","datePublished":"2021-07-06T13:53:18+00:00","dateModified":"2026-02-24T21:16:43+00:00","breadcrumb":{"@id":"https:\/\/turchifarm.com\/it\/shop\/agresto\/#breadcrumb"},"inLanguage":"de","potentialAction":[{"@type":"ReadAction","target":["https:\/\/turchifarm.com\/it\/shop\/agresto\/"]}]},{"@type":"ImageObject","inLanguage":"de","@id":"https:\/\/turchifarm.com\/it\/shop\/agresto\/#primaryimage","url":"https:\/\/turchifarm.com\/wp-content\/uploads\/2021\/07\/Agresto-min.jpg","contentUrl":"https:\/\/turchifarm.com\/wp-content\/uploads\/2021\/07\/Agresto-min.jpg","width":960,"height":1280},{"@type":"BreadcrumbList","@id":"https:\/\/turchifarm.com\/it\/shop\/agresto\/#breadcrumb","itemListElement":[{"@type":"ListItem","position":1,"name":"Home","item":"https:\/\/turchifarm.com\/it\/"},{"@type":"ListItem","position":2,"name":"Shop","item":"https:\/\/turchifarm.com\/it\/negozio\/"},{"@type":"ListItem","position":3,"name":"Agresto"}]},{"@type":"WebSite","@id":"https:\/\/turchifarm.com\/it\/#website","url":"https:\/\/turchifarm.com\/it\/","name":"Turchi Farm","description":"Locanda della Luna &amp; Antico Frantoio","potentialAction":[{"@type":"SearchAction","target":{"@type":"EntryPoint","urlTemplate":"https:\/\/turchifarm.com\/it\/?s={search_term_string}"},"query-input":{"@type":"PropertyValueSpecification","valueRequired":true,"valueName":"search_term_string"}}],"inLanguage":"de"}]}},"_links":{"self":[{"href":"https:\/\/turchifarm.com\/de\/wp-json\/wp\/v2\/product\/7192","targetHints":{"allow":["GET"]}}],"collection":[{"href":"https:\/\/turchifarm.com\/de\/wp-json\/wp\/v2\/product"}],"about":[{"href":"https:\/\/turchifarm.com\/de\/wp-json\/wp\/v2\/types\/product"}],"version-history":[{"count":0,"href":"https:\/\/turchifarm.com\/de\/wp-json\/wp\/v2\/product\/7192\/revisions"}],"wp:featuredmedia":[{"embeddable":true,"href":"https:\/\/turchifarm.com\/de\/wp-json\/wp\/v2\/media\/7147"}],"wp:attachment":[{"href":"https:\/\/turchifarm.com\/de\/wp-json\/wp\/v2\/media?parent=7192"}],"wp:term":[{"taxonomy":"product_brand","embeddable":true,"href":"https:\/\/turchifarm.com\/de\/wp-json\/wp\/v2\/product_brand?post=7192"},{"taxonomy":"product_cat","embeddable":true,"href":"https:\/\/turchifarm.com\/de\/wp-json\/wp\/v2\/product_cat?post=7192"},{"taxonomy":"product_tag","embeddable":true,"href":"https:\/\/turchifarm.com\/de\/wp-json\/wp\/v2\/product_tag?post=7192"}],"curies":[{"name":"wp","href":"https:\/\/api.w.org\/{rel}","templated":true}]}}