{"id":7200,"date":"2021-07-06T15:43:42","date_gmt":"2021-07-06T13:43:42","guid":{"rendered":"https:\/\/darkred-ant-757115.hostingersite.com\/shop\/ganze-artischocken-in-ol\/"},"modified":"2024-05-14T18:47:23","modified_gmt":"2024-05-14T16:47:23","slug":"ganze-artischocken-in-ol","status":"publish","type":"product","link":"https:\/\/turchifarm.com\/de\/shop\/ganze-artischocken-in-ol\/","title":{"rendered":"Ganze Artischocken in \u00d6l"},"content":{"rendered":"<p>Artischocken in \u00d6l eingelegt &#8211; 290 gr<\/p>\n","protected":false},"excerpt":{"rendered":"<h4>Artischocken in \u00d6l eingelegt<\/h4>\n<p>Unser Gem\u00fcse wird in extra nativem Oliven\u00f6l aus unserer \u00d6lm\u00fchle Antico Frantoio Turchi eingelegt.<\/p>\n<ul class=\"product-description\">\n<li><strong>Zutaten:<\/strong>Artischocken, extra natives Oliven\u00f6l, Weinessig, Wei\u00dfwein, Lorbeer, Salz, Zitronensaft, Zucker, nat\u00fcrliche Aromen<\/li>\n<li><strong>Nettogewicht:<\/strong>290 gr<\/li>\n<\/ul>\n","protected":false},"featured_media":8519,"template":"","meta":{"inline_featured_image":false},"product_brand":[],"product_cat":[103],"product_tag":[],"class_list":{"0":"post-7200","1":"product","2":"type-product","3":"status-publish","4":"has-post-thumbnail","6":"product_cat-in-oel-eingelegtes-gemuese","8":"first","9":"instock","10":"featured","11":"shipping-taxable","12":"purchasable","13":"product-type-simple"},"yoast_head":"<!-- This site is optimized with the Yoast SEO plugin v27.0 - https:\/\/yoast.com\/product\/yoast-seo-wordpress\/ -->\n<title>Ganze Artischocken in \u00d6l - Turchi Farm<\/title>\n<meta name=\"robots\" content=\"index, follow, max-snippet:-1, max-image-preview:large, max-video-preview:-1\" \/>\n<link rel=\"canonical\" href=\"https:\/\/turchifarm.com\/it\/shop\/carciofini-sottolio\/\" \/>\n<meta property=\"og:locale\" content=\"de_DE\" \/>\n<meta property=\"og:type\" content=\"article\" \/>\n<meta property=\"og:title\" content=\"Ganze Artischocken in \u00d6l - Turchi Farm\" \/>\n<meta property=\"og:description\" content=\"Artischocken in \u00d6l eingelegt Unser Gem\u00fcse wird in extra nativem Oliven\u00f6l aus unserer \u00d6lm\u00fchle Antico Frantoio Turchi eingelegt.  Zutaten:Artischocken, extra natives Oliven\u00f6l, Weinessig, Wei\u00dfwein, Lorbeer, Salz, Zitronensaft, Zucker, nat\u00fcrliche Aromen Nettogewicht:290 gr\" \/>\n<meta property=\"og:url\" content=\"https:\/\/turchifarm.com\/it\/shop\/carciofini-sottolio\/\" \/>\n<meta property=\"og:site_name\" content=\"Turchi Farm\" \/>\n<meta property=\"article:modified_time\" content=\"2024-05-14T16:47:23+00:00\" \/>\n<meta property=\"og:image\" content=\"https:\/\/turchifarm.com\/wp-content\/uploads\/2021\/07\/Carciofi-SottOlio-270-B-fronte.jpg\" \/>\n\t<meta property=\"og:image:width\" content=\"960\" \/>\n\t<meta property=\"og:image:height\" content=\"1280\" \/>\n\t<meta property=\"og:image:type\" content=\"image\/jpeg\" \/>\n<meta name=\"twitter:card\" content=\"summary_large_image\" \/>\n<script type=\"application\/ld+json\" class=\"yoast-schema-graph\">{\"@context\":\"https:\/\/schema.org\",\"@graph\":[{\"@type\":\"WebPage\",\"@id\":\"https:\/\/turchifarm.com\/it\/shop\/carciofini-sottolio\/\",\"url\":\"https:\/\/turchifarm.com\/it\/shop\/carciofini-sottolio\/\",\"name\":\"Ganze Artischocken in \u00d6l - Turchi Farm\",\"isPartOf\":{\"@id\":\"https:\/\/turchifarm.com\/it\/#website\"},\"primaryImageOfPage\":{\"@id\":\"https:\/\/turchifarm.com\/it\/shop\/carciofini-sottolio\/#primaryimage\"},\"image\":{\"@id\":\"https:\/\/turchifarm.com\/it\/shop\/carciofini-sottolio\/#primaryimage\"},\"thumbnailUrl\":\"https:\/\/turchifarm.com\/wp-content\/uploads\/2021\/07\/Carciofi-SottOlio-270-B-fronte.jpg\",\"datePublished\":\"2021-07-06T13:43:42+00:00\",\"dateModified\":\"2024-05-14T16:47:23+00:00\",\"breadcrumb\":{\"@id\":\"https:\/\/turchifarm.com\/it\/shop\/carciofini-sottolio\/#breadcrumb\"},\"inLanguage\":\"de\",\"potentialAction\":[{\"@type\":\"ReadAction\",\"target\":[\"https:\/\/turchifarm.com\/it\/shop\/carciofini-sottolio\/\"]}]},{\"@type\":\"ImageObject\",\"inLanguage\":\"de\",\"@id\":\"https:\/\/turchifarm.com\/it\/shop\/carciofini-sottolio\/#primaryimage\",\"url\":\"https:\/\/turchifarm.com\/wp-content\/uploads\/2021\/07\/Carciofi-SottOlio-270-B-fronte.jpg\",\"contentUrl\":\"https:\/\/turchifarm.com\/wp-content\/uploads\/2021\/07\/Carciofi-SottOlio-270-B-fronte.jpg\",\"width\":960,\"height\":1280},{\"@type\":\"BreadcrumbList\",\"@id\":\"https:\/\/turchifarm.com\/it\/shop\/carciofini-sottolio\/#breadcrumb\",\"itemListElement\":[{\"@type\":\"ListItem\",\"position\":1,\"name\":\"Home\",\"item\":\"https:\/\/turchifarm.com\/it\/\"},{\"@type\":\"ListItem\",\"position\":2,\"name\":\"Shop\",\"item\":\"https:\/\/turchifarm.com\/it\/negozio\/\"},{\"@type\":\"ListItem\",\"position\":3,\"name\":\"Ganze Artischocken in \u00d6l\"}]},{\"@type\":\"WebSite\",\"@id\":\"https:\/\/turchifarm.com\/it\/#website\",\"url\":\"https:\/\/turchifarm.com\/it\/\",\"name\":\"Turchi Farm\",\"description\":\"Locanda della Luna &amp; Antico Frantoio\",\"potentialAction\":[{\"@type\":\"SearchAction\",\"target\":{\"@type\":\"EntryPoint\",\"urlTemplate\":\"https:\/\/turchifarm.com\/it\/?s={search_term_string}\"},\"query-input\":{\"@type\":\"PropertyValueSpecification\",\"valueRequired\":true,\"valueName\":\"search_term_string\"}}],\"inLanguage\":\"de\"}]}<\/script>\n<!-- \/ Yoast SEO plugin. -->","yoast_head_json":{"title":"Ganze Artischocken in \u00d6l - Turchi Farm","robots":{"index":"index","follow":"follow","max-snippet":"max-snippet:-1","max-image-preview":"max-image-preview:large","max-video-preview":"max-video-preview:-1"},"canonical":"https:\/\/turchifarm.com\/it\/shop\/carciofini-sottolio\/","og_locale":"de_DE","og_type":"article","og_title":"Ganze Artischocken in \u00d6l - Turchi Farm","og_description":"Artischocken in \u00d6l eingelegt Unser Gem\u00fcse wird in extra nativem Oliven\u00f6l aus unserer \u00d6lm\u00fchle Antico Frantoio Turchi eingelegt.  Zutaten:Artischocken, extra natives Oliven\u00f6l, Weinessig, Wei\u00dfwein, Lorbeer, Salz, Zitronensaft, Zucker, nat\u00fcrliche Aromen Nettogewicht:290 gr","og_url":"https:\/\/turchifarm.com\/it\/shop\/carciofini-sottolio\/","og_site_name":"Turchi Farm","article_modified_time":"2024-05-14T16:47:23+00:00","og_image":[{"width":960,"height":1280,"url":"https:\/\/turchifarm.com\/wp-content\/uploads\/2021\/07\/Carciofi-SottOlio-270-B-fronte.jpg","type":"image\/jpeg"}],"twitter_card":"summary_large_image","schema":{"@context":"https:\/\/schema.org","@graph":[{"@type":"WebPage","@id":"https:\/\/turchifarm.com\/it\/shop\/carciofini-sottolio\/","url":"https:\/\/turchifarm.com\/it\/shop\/carciofini-sottolio\/","name":"Ganze Artischocken in \u00d6l - Turchi Farm","isPartOf":{"@id":"https:\/\/turchifarm.com\/it\/#website"},"primaryImageOfPage":{"@id":"https:\/\/turchifarm.com\/it\/shop\/carciofini-sottolio\/#primaryimage"},"image":{"@id":"https:\/\/turchifarm.com\/it\/shop\/carciofini-sottolio\/#primaryimage"},"thumbnailUrl":"https:\/\/turchifarm.com\/wp-content\/uploads\/2021\/07\/Carciofi-SottOlio-270-B-fronte.jpg","datePublished":"2021-07-06T13:43:42+00:00","dateModified":"2024-05-14T16:47:23+00:00","breadcrumb":{"@id":"https:\/\/turchifarm.com\/it\/shop\/carciofini-sottolio\/#breadcrumb"},"inLanguage":"de","potentialAction":[{"@type":"ReadAction","target":["https:\/\/turchifarm.com\/it\/shop\/carciofini-sottolio\/"]}]},{"@type":"ImageObject","inLanguage":"de","@id":"https:\/\/turchifarm.com\/it\/shop\/carciofini-sottolio\/#primaryimage","url":"https:\/\/turchifarm.com\/wp-content\/uploads\/2021\/07\/Carciofi-SottOlio-270-B-fronte.jpg","contentUrl":"https:\/\/turchifarm.com\/wp-content\/uploads\/2021\/07\/Carciofi-SottOlio-270-B-fronte.jpg","width":960,"height":1280},{"@type":"BreadcrumbList","@id":"https:\/\/turchifarm.com\/it\/shop\/carciofini-sottolio\/#breadcrumb","itemListElement":[{"@type":"ListItem","position":1,"name":"Home","item":"https:\/\/turchifarm.com\/it\/"},{"@type":"ListItem","position":2,"name":"Shop","item":"https:\/\/turchifarm.com\/it\/negozio\/"},{"@type":"ListItem","position":3,"name":"Ganze Artischocken in \u00d6l"}]},{"@type":"WebSite","@id":"https:\/\/turchifarm.com\/it\/#website","url":"https:\/\/turchifarm.com\/it\/","name":"Turchi Farm","description":"Locanda della Luna &amp; Antico Frantoio","potentialAction":[{"@type":"SearchAction","target":{"@type":"EntryPoint","urlTemplate":"https:\/\/turchifarm.com\/it\/?s={search_term_string}"},"query-input":{"@type":"PropertyValueSpecification","valueRequired":true,"valueName":"search_term_string"}}],"inLanguage":"de"}]}},"_links":{"self":[{"href":"https:\/\/turchifarm.com\/de\/wp-json\/wp\/v2\/product\/7200","targetHints":{"allow":["GET"]}}],"collection":[{"href":"https:\/\/turchifarm.com\/de\/wp-json\/wp\/v2\/product"}],"about":[{"href":"https:\/\/turchifarm.com\/de\/wp-json\/wp\/v2\/types\/product"}],"version-history":[{"count":0,"href":"https:\/\/turchifarm.com\/de\/wp-json\/wp\/v2\/product\/7200\/revisions"}],"wp:featuredmedia":[{"embeddable":true,"href":"https:\/\/turchifarm.com\/de\/wp-json\/wp\/v2\/media\/8519"}],"wp:attachment":[{"href":"https:\/\/turchifarm.com\/de\/wp-json\/wp\/v2\/media?parent=7200"}],"wp:term":[{"taxonomy":"product_brand","embeddable":true,"href":"https:\/\/turchifarm.com\/de\/wp-json\/wp\/v2\/product_brand?post=7200"},{"taxonomy":"product_cat","embeddable":true,"href":"https:\/\/turchifarm.com\/de\/wp-json\/wp\/v2\/product_cat?post=7200"},{"taxonomy":"product_tag","embeddable":true,"href":"https:\/\/turchifarm.com\/de\/wp-json\/wp\/v2\/product_tag?post=7200"}],"curies":[{"name":"wp","href":"https:\/\/api.w.org\/{rel}","templated":true}]}}