{"id":7202,"date":"2021-07-06T15:40:15","date_gmt":"2021-07-06T13:40:15","guid":{"rendered":"https:\/\/darkred-ant-757115.hostingersite.com\/shop\/gegrillte-auberginen\/"},"modified":"2022-01-06T20:37:30","modified_gmt":"2022-01-06T19:37:30","slug":"gegrillte-auberginen","status":"publish","type":"product","link":"https:\/\/turchifarm.com\/de\/shop\/gegrillte-auberginen\/","title":{"rendered":"Gegrillte Auberginen"},"content":{"rendered":"<p>In \u00d6l eingelegte gegrillte Auberginen &#8211; 250 gr<\/p>\n","protected":false},"excerpt":{"rendered":"<h4>In \u00d6l eingelegte gegrillte Auberginen<\/h4>\n<p>Unser Gem\u00fcse wird in extra nativem Oliven\u00f6l aus unserer \u00d6lm\u00fchle Antico Frantoio Turchi eingelegt.<\/p>\n<ul class=\"product-description\">\n<li><strong>Zutaten:<\/strong>Auberginen, extra natives Oliven\u00f6l, Salz, Pfeffer, Basilikum<\/li>\n<li><strong>Nettogewicht:<\/strong>250 gr<\/li>\n<\/ul>\n","protected":false},"featured_media":7203,"template":"","meta":{"inline_featured_image":false},"product_brand":[],"product_cat":[103],"product_tag":[],"class_list":{"0":"post-7202","1":"product","2":"type-product","3":"status-publish","4":"has-post-thumbnail","6":"product_cat-in-oel-eingelegtes-gemuese","8":"first","9":"outofstock","10":"shipping-taxable","11":"purchasable","12":"product-type-simple"},"yoast_head":"<!-- This site is optimized with the Yoast SEO plugin v27.0 - https:\/\/yoast.com\/product\/yoast-seo-wordpress\/ -->\n<title>Gegrillte Auberginen - Turchi Farm<\/title>\n<meta name=\"robots\" content=\"index, follow, max-snippet:-1, max-image-preview:large, max-video-preview:-1\" \/>\n<link rel=\"canonical\" href=\"https:\/\/turchifarm.com\/de\/shop\/gegrillte-auberginen\/\" \/>\n<meta property=\"og:locale\" content=\"de_DE\" \/>\n<meta property=\"og:type\" content=\"article\" \/>\n<meta property=\"og:title\" content=\"Gegrillte Auberginen - Turchi Farm\" \/>\n<meta property=\"og:description\" content=\"In \u00d6l eingelegte gegrillte Auberginen Unser Gem\u00fcse wird in extra nativem Oliven\u00f6l aus unserer \u00d6lm\u00fchle Antico Frantoio Turchi eingelegt.  Zutaten:Auberginen, extra natives Oliven\u00f6l, Salz, Pfeffer, Basilikum Nettogewicht:250 gr\" \/>\n<meta property=\"og:url\" content=\"https:\/\/turchifarm.com\/de\/shop\/gegrillte-auberginen\/\" \/>\n<meta property=\"og:site_name\" content=\"Turchi Farm\" \/>\n<meta property=\"article:modified_time\" content=\"2022-01-06T19:37:30+00:00\" \/>\n<meta property=\"og:image\" content=\"https:\/\/turchifarm.com\/wp-content\/uploads\/2021\/07\/Melanzane-grigliate-min-1.jpg\" \/>\n\t<meta property=\"og:image:width\" content=\"960\" \/>\n\t<meta property=\"og:image:height\" content=\"1280\" \/>\n\t<meta property=\"og:image:type\" content=\"image\/jpeg\" \/>\n<meta name=\"twitter:card\" content=\"summary_large_image\" \/>\n<script type=\"application\/ld+json\" class=\"yoast-schema-graph\">{\"@context\":\"https:\/\/schema.org\",\"@graph\":[{\"@type\":\"WebPage\",\"@id\":\"https:\/\/turchifarm.com\/de\/shop\/gegrillte-auberginen\/\",\"url\":\"https:\/\/turchifarm.com\/de\/shop\/gegrillte-auberginen\/\",\"name\":\"Gegrillte Auberginen - Turchi Farm\",\"isPartOf\":{\"@id\":\"https:\/\/turchifarm.com\/it\/#website\"},\"primaryImageOfPage\":{\"@id\":\"https:\/\/turchifarm.com\/de\/shop\/gegrillte-auberginen\/#primaryimage\"},\"image\":{\"@id\":\"https:\/\/turchifarm.com\/de\/shop\/gegrillte-auberginen\/#primaryimage\"},\"thumbnailUrl\":\"https:\/\/turchifarm.com\/wp-content\/uploads\/2021\/07\/Melanzane-grigliate-min-1.jpg\",\"datePublished\":\"2021-07-06T13:40:15+00:00\",\"dateModified\":\"2022-01-06T19:37:30+00:00\",\"breadcrumb\":{\"@id\":\"https:\/\/turchifarm.com\/de\/shop\/gegrillte-auberginen\/#breadcrumb\"},\"inLanguage\":\"de\",\"potentialAction\":[{\"@type\":\"ReadAction\",\"target\":[\"https:\/\/turchifarm.com\/de\/shop\/gegrillte-auberginen\/\"]}]},{\"@type\":\"ImageObject\",\"inLanguage\":\"de\",\"@id\":\"https:\/\/turchifarm.com\/de\/shop\/gegrillte-auberginen\/#primaryimage\",\"url\":\"https:\/\/turchifarm.com\/wp-content\/uploads\/2021\/07\/Melanzane-grigliate-min-1.jpg\",\"contentUrl\":\"https:\/\/turchifarm.com\/wp-content\/uploads\/2021\/07\/Melanzane-grigliate-min-1.jpg\",\"width\":960,\"height\":1280},{\"@type\":\"BreadcrumbList\",\"@id\":\"https:\/\/turchifarm.com\/de\/shop\/gegrillte-auberginen\/#breadcrumb\",\"itemListElement\":[{\"@type\":\"ListItem\",\"position\":1,\"name\":\"Home\",\"item\":\"https:\/\/turchifarm.com\/it\/\"},{\"@type\":\"ListItem\",\"position\":2,\"name\":\"Shop\",\"item\":\"https:\/\/turchifarm.com\/it\/negozio\/\"},{\"@type\":\"ListItem\",\"position\":3,\"name\":\"Gegrillte Auberginen\"}]},{\"@type\":\"WebSite\",\"@id\":\"https:\/\/turchifarm.com\/it\/#website\",\"url\":\"https:\/\/turchifarm.com\/it\/\",\"name\":\"Turchi Farm\",\"description\":\"Locanda della Luna &amp; Antico Frantoio\",\"potentialAction\":[{\"@type\":\"SearchAction\",\"target\":{\"@type\":\"EntryPoint\",\"urlTemplate\":\"https:\/\/turchifarm.com\/it\/?s={search_term_string}\"},\"query-input\":{\"@type\":\"PropertyValueSpecification\",\"valueRequired\":true,\"valueName\":\"search_term_string\"}}],\"inLanguage\":\"de\"}]}<\/script>\n<!-- \/ Yoast SEO plugin. -->","yoast_head_json":{"title":"Gegrillte Auberginen - Turchi Farm","robots":{"index":"index","follow":"follow","max-snippet":"max-snippet:-1","max-image-preview":"max-image-preview:large","max-video-preview":"max-video-preview:-1"},"canonical":"https:\/\/turchifarm.com\/de\/shop\/gegrillte-auberginen\/","og_locale":"de_DE","og_type":"article","og_title":"Gegrillte Auberginen - Turchi Farm","og_description":"In \u00d6l eingelegte gegrillte Auberginen Unser Gem\u00fcse wird in extra nativem Oliven\u00f6l aus unserer \u00d6lm\u00fchle Antico Frantoio Turchi eingelegt.  Zutaten:Auberginen, extra natives Oliven\u00f6l, Salz, Pfeffer, Basilikum Nettogewicht:250 gr","og_url":"https:\/\/turchifarm.com\/de\/shop\/gegrillte-auberginen\/","og_site_name":"Turchi Farm","article_modified_time":"2022-01-06T19:37:30+00:00","og_image":[{"width":960,"height":1280,"url":"https:\/\/turchifarm.com\/wp-content\/uploads\/2021\/07\/Melanzane-grigliate-min-1.jpg","type":"image\/jpeg"}],"twitter_card":"summary_large_image","schema":{"@context":"https:\/\/schema.org","@graph":[{"@type":"WebPage","@id":"https:\/\/turchifarm.com\/de\/shop\/gegrillte-auberginen\/","url":"https:\/\/turchifarm.com\/de\/shop\/gegrillte-auberginen\/","name":"Gegrillte Auberginen - Turchi Farm","isPartOf":{"@id":"https:\/\/turchifarm.com\/it\/#website"},"primaryImageOfPage":{"@id":"https:\/\/turchifarm.com\/de\/shop\/gegrillte-auberginen\/#primaryimage"},"image":{"@id":"https:\/\/turchifarm.com\/de\/shop\/gegrillte-auberginen\/#primaryimage"},"thumbnailUrl":"https:\/\/turchifarm.com\/wp-content\/uploads\/2021\/07\/Melanzane-grigliate-min-1.jpg","datePublished":"2021-07-06T13:40:15+00:00","dateModified":"2022-01-06T19:37:30+00:00","breadcrumb":{"@id":"https:\/\/turchifarm.com\/de\/shop\/gegrillte-auberginen\/#breadcrumb"},"inLanguage":"de","potentialAction":[{"@type":"ReadAction","target":["https:\/\/turchifarm.com\/de\/shop\/gegrillte-auberginen\/"]}]},{"@type":"ImageObject","inLanguage":"de","@id":"https:\/\/turchifarm.com\/de\/shop\/gegrillte-auberginen\/#primaryimage","url":"https:\/\/turchifarm.com\/wp-content\/uploads\/2021\/07\/Melanzane-grigliate-min-1.jpg","contentUrl":"https:\/\/turchifarm.com\/wp-content\/uploads\/2021\/07\/Melanzane-grigliate-min-1.jpg","width":960,"height":1280},{"@type":"BreadcrumbList","@id":"https:\/\/turchifarm.com\/de\/shop\/gegrillte-auberginen\/#breadcrumb","itemListElement":[{"@type":"ListItem","position":1,"name":"Home","item":"https:\/\/turchifarm.com\/it\/"},{"@type":"ListItem","position":2,"name":"Shop","item":"https:\/\/turchifarm.com\/it\/negozio\/"},{"@type":"ListItem","position":3,"name":"Gegrillte Auberginen"}]},{"@type":"WebSite","@id":"https:\/\/turchifarm.com\/it\/#website","url":"https:\/\/turchifarm.com\/it\/","name":"Turchi Farm","description":"Locanda della Luna &amp; Antico Frantoio","potentialAction":[{"@type":"SearchAction","target":{"@type":"EntryPoint","urlTemplate":"https:\/\/turchifarm.com\/it\/?s={search_term_string}"},"query-input":{"@type":"PropertyValueSpecification","valueRequired":true,"valueName":"search_term_string"}}],"inLanguage":"de"}]}},"_links":{"self":[{"href":"https:\/\/turchifarm.com\/de\/wp-json\/wp\/v2\/product\/7202","targetHints":{"allow":["GET"]}}],"collection":[{"href":"https:\/\/turchifarm.com\/de\/wp-json\/wp\/v2\/product"}],"about":[{"href":"https:\/\/turchifarm.com\/de\/wp-json\/wp\/v2\/types\/product"}],"version-history":[{"count":0,"href":"https:\/\/turchifarm.com\/de\/wp-json\/wp\/v2\/product\/7202\/revisions"}],"wp:featuredmedia":[{"embeddable":true,"href":"https:\/\/turchifarm.com\/de\/wp-json\/wp\/v2\/media\/7203"}],"wp:attachment":[{"href":"https:\/\/turchifarm.com\/de\/wp-json\/wp\/v2\/media?parent=7202"}],"wp:term":[{"taxonomy":"product_brand","embeddable":true,"href":"https:\/\/turchifarm.com\/de\/wp-json\/wp\/v2\/product_brand?post=7202"},{"taxonomy":"product_cat","embeddable":true,"href":"https:\/\/turchifarm.com\/de\/wp-json\/wp\/v2\/product_cat?post=7202"},{"taxonomy":"product_tag","embeddable":true,"href":"https:\/\/turchifarm.com\/de\/wp-json\/wp\/v2\/product_tag?post=7202"}],"curies":[{"name":"wp","href":"https:\/\/api.w.org\/{rel}","templated":true}]}}