{"id":7216,"date":"2021-07-06T11:06:00","date_gmt":"2021-07-06T09:06:00","guid":{"rendered":"https:\/\/darkred-ant-757115.hostingersite.com\/shop\/dop-colline-di-romagna-ol-0-5-l\/"},"modified":"2026-03-26T11:57:27","modified_gmt":"2026-03-26T10:57:27","slug":"dop-colline-di-romagna-ol-0-5-l","status":"publish","type":"product","link":"https:\/\/turchifarm.com\/de\/shop\/dop-colline-di-romagna-ol-0-5-l\/","title":{"rendered":"DOP Colline di Romagna \u00d6l &#8211; 0,5 l"},"content":{"rendered":"<p>DOP Colline di Romagna \u00d6l &#8211; 0,5 l<\/p>\n","protected":false},"excerpt":{"rendered":"<ul class=\"product-description\">\n<li>\n<div class=\"Y3BBE\" data-sfc-cp=\"\" data-sfc-root=\"c\" data-sfc-cb=\"\" data-hveid=\"CAEIAhAA\" data-processed=\"true\" data-complete=\"true\"><strong class=\"Yjhzub\" data-sfc-root=\"c\" data-sfc-cb=\"\" data-processed=\"true\" data-complete=\"true\">Natives Oliven\u00f6l Extra g.U. (DOP)<\/strong><br data-sfc-root=\"c\" data-sfc-pl=\"|[]\" data-sfc-cb=\"\" data-complete=\"true\" data-processed=\"true\" \/><strong class=\"Yjhzub\" data-sfc-root=\"c\" data-sfc-cb=\"\" data-complete=\"true\" data-processed=\"true\">Ernte 2025\/2026<\/strong><\/div>\n<div class=\"Y3BBE\" data-sfc-cp=\"\" data-sfc-root=\"c\" data-sfc-cb=\"\" data-hveid=\"CAEIAxAA\" data-processed=\"true\" data-complete=\"true\"><strong class=\"Yjhzub\" data-sfc-root=\"c\" data-sfc-cb=\"\" data-complete=\"true\" data-processed=\"true\">Die perfekte Balance zwischen Innovation und \u00d6ltradition.<\/strong><br data-sfc-root=\"c\" data-sfc-pl=\"|[]\" data-sfc-cb=\"\" data-complete=\"true\" data-processed=\"true\" \/>Dieses Oliven\u00f6l mit gesch\u00fctzter Ursprungsbezeichnung (g.U.) ist nicht nur eine Zutat, sondern das Ergebnis modernster Technologie angewandt auf historische Olivensorten. Dank mechanischer Pressung der neuesten Generation extrahieren wir das Herz der Olive bei kontrollierten Temperaturen. So garantieren wir ein erntefrisches Produkt, reich an Polyphenolen und mit einem makellosen Aromaprofil.<\/div>\n<div class=\"Y3BBE\" data-sfc-cp=\"\" data-sfc-root=\"c\" data-sfc-cb=\"\" data-hveid=\"CAEIBBAA\" data-complete=\"true\" data-processed=\"true\"><strong class=\"Yjhzub\" data-sfc-root=\"c\" data-sfc-cb=\"\" data-complete=\"true\" data-processed=\"true\">Warum dieses \u00d6l so exzellent ist:<\/strong><\/div>\n<ul class=\"KsbFXc U6u95\" data-sfc-root=\"c\" data-sfc-cb=\"\" data-complete=\"true\" data-processed=\"true\">\n<li class=\"dF3vjf\" data-sfc-root=\"c\" data-sfc-cb=\"\" data-hveid=\"CAEIBRAA\" data-complete=\"true\" data-sae=\"\"><span class=\"T286Pc\" data-sfc-cp=\"\" data-sfc-root=\"c\" data-sfc-cb=\"\" data-complete=\"true\"><strong class=\"Yjhzub\" data-sfc-root=\"c\" data-sfc-cb=\"\" data-complete=\"true\">\u00dcberlegene Technologie:<\/strong>\u00a0Die fortschrittliche mechanische Pressung erm\u00f6glicht eine ultraschnelle Verarbeitung direkt nach der Ernte. Der Kontakt mit Sauerstoff wird minimiert, um h\u00f6chste Qualit\u00e4t zu sichern.<\/span><\/li>\n<li class=\"dF3vjf\" data-sfc-root=\"c\" data-sfc-cb=\"\" data-hveid=\"CAEIBRAB\" data-complete=\"true\" data-sae=\"\"><span class=\"T286Pc\" data-sfc-cp=\"\" data-sfc-root=\"c\" data-sfc-cb=\"\" data-complete=\"true\"><strong class=\"Yjhzub\" data-sfc-root=\"c\" data-sfc-cb=\"\" data-complete=\"true\">Slow Food Presidio:<\/strong>\u00a0Eine Auszeichnung, die unseren Einsatz f\u00fcr biologische Vielfalt und nachhaltige Produktionsmethoden w\u00fcrdigt.<\/span><\/li>\n<li class=\"dF3vjf\" data-sfc-root=\"c\" data-sfc-cb=\"\" data-hveid=\"CAEIBRAC\" data-complete=\"true\" data-sae=\"\"><span class=\"T286Pc\" data-sfc-cp=\"\" data-sfc-root=\"c\" data-sfc-cb=\"\" data-complete=\"true\"><strong class=\"Yjhzub\" data-sfc-root=\"c\" data-sfc-cb=\"\" data-complete=\"true\">Der Blend der H\u00fcgel:<\/strong>\u00a0Eine meisterhafte Selektion aus\u00a0<strong class=\"Yjhzub\" data-sfc-root=\"c\" data-sfc-cb=\"\" data-complete=\"true\">90% Correggiolo<\/strong>\u00a0(Struktur),\u00a0<strong class=\"Yjhzub\" data-sfc-root=\"c\" data-sfc-cb=\"\" data-complete=\"true\">5% Moraiolo<\/strong>\u00a0(Intensit\u00e4t) und\u00a0<strong class=\"Yjhzub\" data-sfc-root=\"c\" data-sfc-cb=\"\" data-complete=\"true\">5% Rossina<\/strong> (Eleganz).<\/span><\/li>\n<\/ul>\n<div class=\"Y3BBE\" data-sfc-cp=\"\" data-sfc-root=\"c\" data-sfc-cb=\"\" data-hveid=\"CAEIBhAA\" data-complete=\"true\" data-processed=\"true\"><strong class=\"Yjhzub\" data-sfc-root=\"c\" data-sfc-cb=\"\" data-complete=\"true\" data-processed=\"true\">Inhalt:<\/strong>\u00a00,5 l<br data-sfc-root=\"c\" data-sfc-pl=\"|[]\" data-sfc-cb=\"\" data-complete=\"true\" data-processed=\"true\" \/><strong class=\"Yjhzub\" data-sfc-root=\"c\" data-sfc-cb=\"\" data-complete=\"true\" data-processed=\"true\">Zertifikat:<\/strong> <a href=\"https:\/\/darkred-ant-757115.hostingersite.com\/wp-content\/uploads\/2025\/04\/ANTICO_FRANTOIO_TURCHI_DOP_COLLINE_DI_ROMAGNA.pdf\" target=\"_blank\" rel=\"noopener\">Presidio Slow Food<\/a><\/div>\n<\/li>\n<\/ul>\n","protected":false},"featured_media":7217,"template":"","meta":{"inline_featured_image":false},"product_brand":[],"product_cat":[102],"product_tag":[],"class_list":{"0":"post-7216","1":"product","2":"type-product","3":"status-publish","4":"has-post-thumbnail","6":"product_cat-extra-natives-olivenoel","8":"first","9":"instock","10":"featured","11":"shipping-taxable","12":"purchasable","13":"product-type-simple"},"yoast_head":"<!-- This site is optimized with the Yoast SEO plugin v27.0 - https:\/\/yoast.com\/product\/yoast-seo-wordpress\/ -->\n<title>DOP Colline di Romagna \u00d6l - 0,5 l - Turchi Farm<\/title>\n<meta name=\"robots\" content=\"index, follow, max-snippet:-1, max-image-preview:large, max-video-preview:-1\" \/>\n<link rel=\"canonical\" href=\"https:\/\/turchifarm.com\/de\/shop\/dop-colline-di-romagna-ol-0-5-l\/\" \/>\n<meta property=\"og:locale\" content=\"de_DE\" \/>\n<meta property=\"og:type\" content=\"article\" \/>\n<meta property=\"og:title\" content=\"DOP Colline di Romagna \u00d6l - 0,5 l - Turchi Farm\" \/>\n<meta property=\"og:description\" content=\"Natives Oliven\u00f6l Extra g.U. (DOP)Ernte 2025\/2026 Die perfekte Balance zwischen Innovation und \u00d6ltradition.Dieses Oliven\u00f6l mit gesch\u00fctzter Ursprungsbezeichnung (g.U.) ist nicht nur eine Zutat, sondern das Ergebnis modernster Technologie angewandt auf historische Olivensorten. Dank mechanischer Pressung der neuesten Generation extrahieren wir das Herz der Olive bei kontrollierten Temperaturen. So garantieren wir ein erntefrisches Produkt, reich an Polyphenolen und mit einem makellosen Aromaprofil. Warum dieses \u00d6l so exzellent ist:   \u00dcberlegene Technologie:\u00a0Die fortschrittliche mechanische Pressung erm\u00f6glicht eine ultraschnelle Verarbeitung direkt nach der Ernte. Der Kontakt mit Sauerstoff wird minimiert, um h\u00f6chste Qualit\u00e4t zu sichern.  Slow Food Presidio:\u00a0Eine Auszeichnung, die unseren Einsatz f\u00fcr biologische Vielfalt und nachhaltige Produktionsmethoden w\u00fcrdigt.  Der Blend der H\u00fcgel:\u00a0Eine meisterhafte Selektion aus\u00a090% Correggiolo\u00a0(Struktur),\u00a05% Moraiolo\u00a0(Intensit\u00e4t) und\u00a05% Rossina (Eleganz).  Inhalt:\u00a00,5 lZertifikat: Presidio Slow Food\" \/>\n<meta property=\"og:url\" content=\"https:\/\/turchifarm.com\/de\/shop\/dop-colline-di-romagna-ol-0-5-l\/\" \/>\n<meta property=\"og:site_name\" content=\"Turchi Farm\" \/>\n<meta property=\"article:modified_time\" content=\"2026-03-26T10:57:27+00:00\" \/>\n<meta property=\"og:image\" content=\"https:\/\/turchifarm.com\/wp-content\/uploads\/2021\/07\/Olio-DOP-Colline-di-Romagna-05l-min.jpg\" \/>\n\t<meta property=\"og:image:width\" content=\"960\" \/>\n\t<meta property=\"og:image:height\" content=\"1280\" \/>\n\t<meta property=\"og:image:type\" content=\"image\/jpeg\" \/>\n<meta name=\"twitter:card\" content=\"summary_large_image\" \/>\n<script type=\"application\/ld+json\" class=\"yoast-schema-graph\">{\"@context\":\"https:\/\/schema.org\",\"@graph\":[{\"@type\":\"WebPage\",\"@id\":\"https:\/\/turchifarm.com\/de\/shop\/dop-colline-di-romagna-ol-0-5-l\/\",\"url\":\"https:\/\/turchifarm.com\/de\/shop\/dop-colline-di-romagna-ol-0-5-l\/\",\"name\":\"DOP Colline di Romagna \u00d6l - 0,5 l - Turchi Farm\",\"isPartOf\":{\"@id\":\"https:\/\/turchifarm.com\/it\/#website\"},\"primaryImageOfPage\":{\"@id\":\"https:\/\/turchifarm.com\/de\/shop\/dop-colline-di-romagna-ol-0-5-l\/#primaryimage\"},\"image\":{\"@id\":\"https:\/\/turchifarm.com\/de\/shop\/dop-colline-di-romagna-ol-0-5-l\/#primaryimage\"},\"thumbnailUrl\":\"https:\/\/turchifarm.com\/wp-content\/uploads\/2021\/07\/Olio-DOP-Colline-di-Romagna-05l-min.jpg\",\"datePublished\":\"2021-07-06T09:06:00+00:00\",\"dateModified\":\"2026-03-26T10:57:27+00:00\",\"breadcrumb\":{\"@id\":\"https:\/\/turchifarm.com\/de\/shop\/dop-colline-di-romagna-ol-0-5-l\/#breadcrumb\"},\"inLanguage\":\"de\",\"potentialAction\":[{\"@type\":\"ReadAction\",\"target\":[\"https:\/\/turchifarm.com\/de\/shop\/dop-colline-di-romagna-ol-0-5-l\/\"]}]},{\"@type\":\"ImageObject\",\"inLanguage\":\"de\",\"@id\":\"https:\/\/turchifarm.com\/de\/shop\/dop-colline-di-romagna-ol-0-5-l\/#primaryimage\",\"url\":\"https:\/\/turchifarm.com\/wp-content\/uploads\/2021\/07\/Olio-DOP-Colline-di-Romagna-05l-min.jpg\",\"contentUrl\":\"https:\/\/turchifarm.com\/wp-content\/uploads\/2021\/07\/Olio-DOP-Colline-di-Romagna-05l-min.jpg\",\"width\":960,\"height\":1280},{\"@type\":\"BreadcrumbList\",\"@id\":\"https:\/\/turchifarm.com\/de\/shop\/dop-colline-di-romagna-ol-0-5-l\/#breadcrumb\",\"itemListElement\":[{\"@type\":\"ListItem\",\"position\":1,\"name\":\"Home\",\"item\":\"https:\/\/turchifarm.com\/it\/\"},{\"@type\":\"ListItem\",\"position\":2,\"name\":\"Shop\",\"item\":\"https:\/\/turchifarm.com\/it\/negozio\/\"},{\"@type\":\"ListItem\",\"position\":3,\"name\":\"DOP Colline di Romagna \u00d6l &#8211; 0,5 l\"}]},{\"@type\":\"WebSite\",\"@id\":\"https:\/\/turchifarm.com\/it\/#website\",\"url\":\"https:\/\/turchifarm.com\/it\/\",\"name\":\"Turchi Farm\",\"description\":\"Locanda della Luna &amp; Antico Frantoio\",\"potentialAction\":[{\"@type\":\"SearchAction\",\"target\":{\"@type\":\"EntryPoint\",\"urlTemplate\":\"https:\/\/turchifarm.com\/it\/?s={search_term_string}\"},\"query-input\":{\"@type\":\"PropertyValueSpecification\",\"valueRequired\":true,\"valueName\":\"search_term_string\"}}],\"inLanguage\":\"de\"}]}<\/script>\n<!-- \/ Yoast SEO plugin. -->","yoast_head_json":{"title":"DOP Colline di Romagna \u00d6l - 0,5 l - Turchi Farm","robots":{"index":"index","follow":"follow","max-snippet":"max-snippet:-1","max-image-preview":"max-image-preview:large","max-video-preview":"max-video-preview:-1"},"canonical":"https:\/\/turchifarm.com\/de\/shop\/dop-colline-di-romagna-ol-0-5-l\/","og_locale":"de_DE","og_type":"article","og_title":"DOP Colline di Romagna \u00d6l - 0,5 l - Turchi Farm","og_description":"Natives Oliven\u00f6l Extra g.U. (DOP)Ernte 2025\/2026 Die perfekte Balance zwischen Innovation und \u00d6ltradition.Dieses Oliven\u00f6l mit gesch\u00fctzter Ursprungsbezeichnung (g.U.) ist nicht nur eine Zutat, sondern das Ergebnis modernster Technologie angewandt auf historische Olivensorten. Dank mechanischer Pressung der neuesten Generation extrahieren wir das Herz der Olive bei kontrollierten Temperaturen. So garantieren wir ein erntefrisches Produkt, reich an Polyphenolen und mit einem makellosen Aromaprofil. Warum dieses \u00d6l so exzellent ist:   \u00dcberlegene Technologie:\u00a0Die fortschrittliche mechanische Pressung erm\u00f6glicht eine ultraschnelle Verarbeitung direkt nach der Ernte. Der Kontakt mit Sauerstoff wird minimiert, um h\u00f6chste Qualit\u00e4t zu sichern.  Slow Food Presidio:\u00a0Eine Auszeichnung, die unseren Einsatz f\u00fcr biologische Vielfalt und nachhaltige Produktionsmethoden w\u00fcrdigt.  Der Blend der H\u00fcgel:\u00a0Eine meisterhafte Selektion aus\u00a090% Correggiolo\u00a0(Struktur),\u00a05% Moraiolo\u00a0(Intensit\u00e4t) und\u00a05% Rossina (Eleganz).  Inhalt:\u00a00,5 lZertifikat: Presidio Slow Food","og_url":"https:\/\/turchifarm.com\/de\/shop\/dop-colline-di-romagna-ol-0-5-l\/","og_site_name":"Turchi Farm","article_modified_time":"2026-03-26T10:57:27+00:00","og_image":[{"width":960,"height":1280,"url":"https:\/\/turchifarm.com\/wp-content\/uploads\/2021\/07\/Olio-DOP-Colline-di-Romagna-05l-min.jpg","type":"image\/jpeg"}],"twitter_card":"summary_large_image","schema":{"@context":"https:\/\/schema.org","@graph":[{"@type":"WebPage","@id":"https:\/\/turchifarm.com\/de\/shop\/dop-colline-di-romagna-ol-0-5-l\/","url":"https:\/\/turchifarm.com\/de\/shop\/dop-colline-di-romagna-ol-0-5-l\/","name":"DOP Colline di Romagna \u00d6l - 0,5 l - Turchi Farm","isPartOf":{"@id":"https:\/\/turchifarm.com\/it\/#website"},"primaryImageOfPage":{"@id":"https:\/\/turchifarm.com\/de\/shop\/dop-colline-di-romagna-ol-0-5-l\/#primaryimage"},"image":{"@id":"https:\/\/turchifarm.com\/de\/shop\/dop-colline-di-romagna-ol-0-5-l\/#primaryimage"},"thumbnailUrl":"https:\/\/turchifarm.com\/wp-content\/uploads\/2021\/07\/Olio-DOP-Colline-di-Romagna-05l-min.jpg","datePublished":"2021-07-06T09:06:00+00:00","dateModified":"2026-03-26T10:57:27+00:00","breadcrumb":{"@id":"https:\/\/turchifarm.com\/de\/shop\/dop-colline-di-romagna-ol-0-5-l\/#breadcrumb"},"inLanguage":"de","potentialAction":[{"@type":"ReadAction","target":["https:\/\/turchifarm.com\/de\/shop\/dop-colline-di-romagna-ol-0-5-l\/"]}]},{"@type":"ImageObject","inLanguage":"de","@id":"https:\/\/turchifarm.com\/de\/shop\/dop-colline-di-romagna-ol-0-5-l\/#primaryimage","url":"https:\/\/turchifarm.com\/wp-content\/uploads\/2021\/07\/Olio-DOP-Colline-di-Romagna-05l-min.jpg","contentUrl":"https:\/\/turchifarm.com\/wp-content\/uploads\/2021\/07\/Olio-DOP-Colline-di-Romagna-05l-min.jpg","width":960,"height":1280},{"@type":"BreadcrumbList","@id":"https:\/\/turchifarm.com\/de\/shop\/dop-colline-di-romagna-ol-0-5-l\/#breadcrumb","itemListElement":[{"@type":"ListItem","position":1,"name":"Home","item":"https:\/\/turchifarm.com\/it\/"},{"@type":"ListItem","position":2,"name":"Shop","item":"https:\/\/turchifarm.com\/it\/negozio\/"},{"@type":"ListItem","position":3,"name":"DOP Colline di Romagna \u00d6l &#8211; 0,5 l"}]},{"@type":"WebSite","@id":"https:\/\/turchifarm.com\/it\/#website","url":"https:\/\/turchifarm.com\/it\/","name":"Turchi Farm","description":"Locanda della Luna &amp; Antico Frantoio","potentialAction":[{"@type":"SearchAction","target":{"@type":"EntryPoint","urlTemplate":"https:\/\/turchifarm.com\/it\/?s={search_term_string}"},"query-input":{"@type":"PropertyValueSpecification","valueRequired":true,"valueName":"search_term_string"}}],"inLanguage":"de"}]}},"_links":{"self":[{"href":"https:\/\/turchifarm.com\/de\/wp-json\/wp\/v2\/product\/7216","targetHints":{"allow":["GET"]}}],"collection":[{"href":"https:\/\/turchifarm.com\/de\/wp-json\/wp\/v2\/product"}],"about":[{"href":"https:\/\/turchifarm.com\/de\/wp-json\/wp\/v2\/types\/product"}],"version-history":[{"count":3,"href":"https:\/\/turchifarm.com\/de\/wp-json\/wp\/v2\/product\/7216\/revisions"}],"predecessor-version":[{"id":8979,"href":"https:\/\/turchifarm.com\/de\/wp-json\/wp\/v2\/product\/7216\/revisions\/8979"}],"wp:featuredmedia":[{"embeddable":true,"href":"https:\/\/turchifarm.com\/de\/wp-json\/wp\/v2\/media\/7217"}],"wp:attachment":[{"href":"https:\/\/turchifarm.com\/de\/wp-json\/wp\/v2\/media?parent=7216"}],"wp:term":[{"taxonomy":"product_brand","embeddable":true,"href":"https:\/\/turchifarm.com\/de\/wp-json\/wp\/v2\/product_brand?post=7216"},{"taxonomy":"product_cat","embeddable":true,"href":"https:\/\/turchifarm.com\/de\/wp-json\/wp\/v2\/product_cat?post=7216"},{"taxonomy":"product_tag","embeddable":true,"href":"https:\/\/turchifarm.com\/de\/wp-json\/wp\/v2\/product_tag?post=7216"}],"curies":[{"name":"wp","href":"https:\/\/api.w.org\/{rel}","templated":true}]}}