{"id":7654,"date":"2022-09-27T18:08:45","date_gmt":"2022-09-27T16:08:47","guid":{"rendered":"https:\/\/darkred-ant-757115.hostingersite.com\/?post_type=product&#038;p=7654"},"modified":"2025-10-22T15:45:40","modified_gmt":"2025-10-22T13:45:40","slug":"bali","status":"publish","type":"product","link":"https:\/\/turchifarm.com\/de\/shop\/bali\/","title":{"rendered":"Bal\u00ec"},"content":{"rendered":"<p>Rubicone IGP Famoso &#8211; 75 cl<\/p>\n","protected":false},"excerpt":{"rendered":"<h4>Rubicone IGP Famoso<\/h4>\n<p>100% Famoso <\/p>\n<p>Manuelle Lese in der ersten Septemberh\u00e4lfte, Kaltverg\u00e4rung mit sanfter Pressung und statischer Vorkl\u00e4rung. G\u00e4rung im Edelstahltank und Reifung auf der Hefe f\u00fcr 6 Monate.<\/p>\n<p>Verkostung: Leuchtendes Strohgelb, Aromen von gelbem Pfirsich, Ginster und aromatischen Kr\u00e4utern.<\/p>\n<p>Empfohlene Speisenbegleitung:<\/p>\n<ul style=\"list-style-position: inside; list-style-type: disc;\">\n<li>Bruschette aus der \u00d6lm\u00fchle mit Tomaten, Basilikum und Olivenpaste<\/li>\n<li>Halbmondnudeln mit Ricotta und Spinat, in der Pfanne mit Schinken und Salbei geschwenkt<\/li>\n<li>Geschmortes Kaninchen in der Pfanne<\/li>\n<li>Stockfisch<\/li>\n<\/ul>\n<p><\/p>\n<ul class=\"product-description\">\n<li><strong>Kapazit\u00e4t:<\/strong>75 cl<\/li>\n<li><strong>Volumen:<\/strong>12.5%<\/li>\n<\/ul>\n","protected":false},"featured_media":7658,"template":"","meta":{"inline_featured_image":false},"product_brand":[],"product_cat":[108],"product_tag":[],"class_list":{"0":"post-7654","1":"product","2":"type-product","3":"status-publish","4":"has-post-thumbnail","6":"product_cat-weine","8":"first","9":"instock","10":"shipping-taxable","11":"purchasable","12":"product-type-simple"},"yoast_head":"<!-- This site is optimized with the Yoast SEO plugin v27.0 - https:\/\/yoast.com\/product\/yoast-seo-wordpress\/ -->\n<title>Bal\u00ec - Turchi Farm<\/title>\n<meta name=\"robots\" content=\"index, follow, max-snippet:-1, max-image-preview:large, max-video-preview:-1\" \/>\n<link rel=\"canonical\" href=\"https:\/\/turchifarm.com\/it\/shop\/bali\/\" \/>\n<meta property=\"og:locale\" content=\"de_DE\" \/>\n<meta property=\"og:type\" content=\"article\" \/>\n<meta property=\"og:title\" content=\"Bal\u00ec - Turchi Farm\" \/>\n<meta property=\"og:description\" content=\"Rubicone IGP Famoso 100% Famoso  Manuelle Lese in der ersten Septemberh\u00e4lfte, Kaltverg\u00e4rung mit sanfter Pressung und statischer Vorkl\u00e4rung. G\u00e4rung im Edelstahltank und Reifung auf der Hefe f\u00fcr 6 Monate. Verkostung: Leuchtendes Strohgelb, Aromen von gelbem Pfirsich, Ginster und aromatischen Kr\u00e4utern. Empfohlene Speisenbegleitung:   Bruschette aus der \u00d6lm\u00fchle mit Tomaten, Basilikum und Olivenpaste  Halbmondnudeln mit Ricotta und Spinat, in der Pfanne mit Schinken und Salbei geschwenkt  Geschmortes Kaninchen in der Pfanne  Stockfisch     Kapazit\u00e4t:75 cl Volumen:12.5%\" \/>\n<meta property=\"og:url\" content=\"https:\/\/turchifarm.com\/it\/shop\/bali\/\" \/>\n<meta property=\"og:site_name\" content=\"Turchi Farm\" \/>\n<meta property=\"article:modified_time\" content=\"2025-10-22T13:45:40+00:00\" \/>\n<meta property=\"og:image\" content=\"https:\/\/turchifarm.com\/wp-content\/uploads\/2022\/09\/Bali.jpg\" \/>\n\t<meta property=\"og:image:width\" content=\"960\" \/>\n\t<meta property=\"og:image:height\" content=\"1280\" \/>\n\t<meta property=\"og:image:type\" content=\"image\/jpeg\" \/>\n<meta name=\"twitter:card\" content=\"summary_large_image\" \/>\n<script type=\"application\/ld+json\" class=\"yoast-schema-graph\">{\"@context\":\"https:\/\/schema.org\",\"@graph\":[{\"@type\":\"WebPage\",\"@id\":\"https:\/\/turchifarm.com\/it\/shop\/bali\/\",\"url\":\"https:\/\/turchifarm.com\/it\/shop\/bali\/\",\"name\":\"Bal\u00ec - Turchi Farm\",\"isPartOf\":{\"@id\":\"https:\/\/turchifarm.com\/it\/#website\"},\"primaryImageOfPage\":{\"@id\":\"https:\/\/turchifarm.com\/it\/shop\/bali\/#primaryimage\"},\"image\":{\"@id\":\"https:\/\/turchifarm.com\/it\/shop\/bali\/#primaryimage\"},\"thumbnailUrl\":\"https:\/\/turchifarm.com\/wp-content\/uploads\/2022\/09\/Bali.jpg\",\"datePublished\":\"2022-09-27T16:08:47+00:00\",\"dateModified\":\"2025-10-22T13:45:40+00:00\",\"breadcrumb\":{\"@id\":\"https:\/\/turchifarm.com\/it\/shop\/bali\/#breadcrumb\"},\"inLanguage\":\"de\",\"potentialAction\":[{\"@type\":\"ReadAction\",\"target\":[\"https:\/\/turchifarm.com\/it\/shop\/bali\/\"]}]},{\"@type\":\"ImageObject\",\"inLanguage\":\"de\",\"@id\":\"https:\/\/turchifarm.com\/it\/shop\/bali\/#primaryimage\",\"url\":\"https:\/\/turchifarm.com\/wp-content\/uploads\/2022\/09\/Bali.jpg\",\"contentUrl\":\"https:\/\/turchifarm.com\/wp-content\/uploads\/2022\/09\/Bali.jpg\",\"width\":960,\"height\":1280},{\"@type\":\"BreadcrumbList\",\"@id\":\"https:\/\/turchifarm.com\/it\/shop\/bali\/#breadcrumb\",\"itemListElement\":[{\"@type\":\"ListItem\",\"position\":1,\"name\":\"Home\",\"item\":\"https:\/\/turchifarm.com\/it\/\"},{\"@type\":\"ListItem\",\"position\":2,\"name\":\"Shop\",\"item\":\"https:\/\/turchifarm.com\/it\/negozio\/\"},{\"@type\":\"ListItem\",\"position\":3,\"name\":\"Bal\u00ec\"}]},{\"@type\":\"WebSite\",\"@id\":\"https:\/\/turchifarm.com\/it\/#website\",\"url\":\"https:\/\/turchifarm.com\/it\/\",\"name\":\"Turchi Farm\",\"description\":\"Locanda della Luna &amp; Antico Frantoio\",\"potentialAction\":[{\"@type\":\"SearchAction\",\"target\":{\"@type\":\"EntryPoint\",\"urlTemplate\":\"https:\/\/turchifarm.com\/it\/?s={search_term_string}\"},\"query-input\":{\"@type\":\"PropertyValueSpecification\",\"valueRequired\":true,\"valueName\":\"search_term_string\"}}],\"inLanguage\":\"de\"}]}<\/script>\n<!-- \/ Yoast SEO plugin. -->","yoast_head_json":{"title":"Bal\u00ec - Turchi Farm","robots":{"index":"index","follow":"follow","max-snippet":"max-snippet:-1","max-image-preview":"max-image-preview:large","max-video-preview":"max-video-preview:-1"},"canonical":"https:\/\/turchifarm.com\/it\/shop\/bali\/","og_locale":"de_DE","og_type":"article","og_title":"Bal\u00ec - Turchi Farm","og_description":"Rubicone IGP Famoso 100% Famoso  Manuelle Lese in der ersten Septemberh\u00e4lfte, Kaltverg\u00e4rung mit sanfter Pressung und statischer Vorkl\u00e4rung. G\u00e4rung im Edelstahltank und Reifung auf der Hefe f\u00fcr 6 Monate. Verkostung: Leuchtendes Strohgelb, Aromen von gelbem Pfirsich, Ginster und aromatischen Kr\u00e4utern. Empfohlene Speisenbegleitung:   Bruschette aus der \u00d6lm\u00fchle mit Tomaten, Basilikum und Olivenpaste  Halbmondnudeln mit Ricotta und Spinat, in der Pfanne mit Schinken und Salbei geschwenkt  Geschmortes Kaninchen in der Pfanne  Stockfisch     Kapazit\u00e4t:75 cl Volumen:12.5%","og_url":"https:\/\/turchifarm.com\/it\/shop\/bali\/","og_site_name":"Turchi Farm","article_modified_time":"2025-10-22T13:45:40+00:00","og_image":[{"width":960,"height":1280,"url":"https:\/\/turchifarm.com\/wp-content\/uploads\/2022\/09\/Bali.jpg","type":"image\/jpeg"}],"twitter_card":"summary_large_image","schema":{"@context":"https:\/\/schema.org","@graph":[{"@type":"WebPage","@id":"https:\/\/turchifarm.com\/it\/shop\/bali\/","url":"https:\/\/turchifarm.com\/it\/shop\/bali\/","name":"Bal\u00ec - Turchi Farm","isPartOf":{"@id":"https:\/\/turchifarm.com\/it\/#website"},"primaryImageOfPage":{"@id":"https:\/\/turchifarm.com\/it\/shop\/bali\/#primaryimage"},"image":{"@id":"https:\/\/turchifarm.com\/it\/shop\/bali\/#primaryimage"},"thumbnailUrl":"https:\/\/turchifarm.com\/wp-content\/uploads\/2022\/09\/Bali.jpg","datePublished":"2022-09-27T16:08:47+00:00","dateModified":"2025-10-22T13:45:40+00:00","breadcrumb":{"@id":"https:\/\/turchifarm.com\/it\/shop\/bali\/#breadcrumb"},"inLanguage":"de","potentialAction":[{"@type":"ReadAction","target":["https:\/\/turchifarm.com\/it\/shop\/bali\/"]}]},{"@type":"ImageObject","inLanguage":"de","@id":"https:\/\/turchifarm.com\/it\/shop\/bali\/#primaryimage","url":"https:\/\/turchifarm.com\/wp-content\/uploads\/2022\/09\/Bali.jpg","contentUrl":"https:\/\/turchifarm.com\/wp-content\/uploads\/2022\/09\/Bali.jpg","width":960,"height":1280},{"@type":"BreadcrumbList","@id":"https:\/\/turchifarm.com\/it\/shop\/bali\/#breadcrumb","itemListElement":[{"@type":"ListItem","position":1,"name":"Home","item":"https:\/\/turchifarm.com\/it\/"},{"@type":"ListItem","position":2,"name":"Shop","item":"https:\/\/turchifarm.com\/it\/negozio\/"},{"@type":"ListItem","position":3,"name":"Bal\u00ec"}]},{"@type":"WebSite","@id":"https:\/\/turchifarm.com\/it\/#website","url":"https:\/\/turchifarm.com\/it\/","name":"Turchi Farm","description":"Locanda della Luna &amp; Antico Frantoio","potentialAction":[{"@type":"SearchAction","target":{"@type":"EntryPoint","urlTemplate":"https:\/\/turchifarm.com\/it\/?s={search_term_string}"},"query-input":{"@type":"PropertyValueSpecification","valueRequired":true,"valueName":"search_term_string"}}],"inLanguage":"de"}]}},"_links":{"self":[{"href":"https:\/\/turchifarm.com\/de\/wp-json\/wp\/v2\/product\/7654","targetHints":{"allow":["GET"]}}],"collection":[{"href":"https:\/\/turchifarm.com\/de\/wp-json\/wp\/v2\/product"}],"about":[{"href":"https:\/\/turchifarm.com\/de\/wp-json\/wp\/v2\/types\/product"}],"version-history":[{"count":0,"href":"https:\/\/turchifarm.com\/de\/wp-json\/wp\/v2\/product\/7654\/revisions"}],"wp:featuredmedia":[{"embeddable":true,"href":"https:\/\/turchifarm.com\/de\/wp-json\/wp\/v2\/media\/7658"}],"wp:attachment":[{"href":"https:\/\/turchifarm.com\/de\/wp-json\/wp\/v2\/media?parent=7654"}],"wp:term":[{"taxonomy":"product_brand","embeddable":true,"href":"https:\/\/turchifarm.com\/de\/wp-json\/wp\/v2\/product_brand?post=7654"},{"taxonomy":"product_cat","embeddable":true,"href":"https:\/\/turchifarm.com\/de\/wp-json\/wp\/v2\/product_cat?post=7654"},{"taxonomy":"product_tag","embeddable":true,"href":"https:\/\/turchifarm.com\/de\/wp-json\/wp\/v2\/product_tag?post=7654"}],"curies":[{"name":"wp","href":"https:\/\/api.w.org\/{rel}","templated":true}]}}